{"id":797,"date":"2023-08-10T04:36:09","date_gmt":"2023-08-10T04:36:09","guid":{"rendered":"https:\/\/shenpo.fr\/?page_id=797"},"modified":"2023-08-10T06:23:27","modified_gmt":"2023-08-10T06:23:27","slug":"conditions-generales-d-utilisation","status":"publish","type":"page","link":"https:\/\/shenpo.fr\/?page_id=797","title":{"rendered":"Conditions g\u00e9n\u00e9rales d&rsquo;utilisation"},"content":{"rendered":"\t\t<div data-elementor-type=\"wp-page\" data-elementor-id=\"797\" class=\"elementor elementor-797\" data-elementor-post-type=\"page\">\n\t\t\t\t<div class=\"elementor-element elementor-element-14886cd e-flex e-con-boxed e-con e-parent\" data-id=\"14886cd\" data-element_type=\"container\" data-e-type=\"container\" data-settings=\"{&quot;background_background&quot;:&quot;classic&quot;}\">\n\t\t\t\t\t<div class=\"e-con-inner\">\n\t\t\t\t\t<\/div>\n\t\t\t\t<\/div>\n\t\t<div class=\"elementor-element elementor-element-71d296d e-flex e-con-boxed e-con e-parent\" data-id=\"71d296d\" data-element_type=\"container\" data-e-type=\"container\">\n\t\t\t\t\t<div class=\"e-con-inner\">\n\t\t<div class=\"elementor-element elementor-element-ae733cc e-con-full e-flex e-con e-child\" data-id=\"ae733cc\" data-element_type=\"container\" data-e-type=\"container\">\n\t\t\t\t<div class=\"elementor-element elementor-element-6ae85f6 elementor-widget elementor-widget-text-editor\" data-id=\"6ae85f6\" data-element_type=\"widget\" data-e-type=\"widget\" data-widget_type=\"text-editor.default\">\n\t\t\t\t<div class=\"elementor-widget-container\">\n\t\t\t\t\t\t\t\t\t\n<h3 class=\"wp-block-heading\"><strong>Objet<\/strong><\/h3>\n<p>Les pr\u00e9sentes Conditions G\u00e9n\u00e9rales d&rsquo;Utilisation (ci-apr\u00e8s \u00ab\u00a0CGU\u00a0\u00bb) ont pour objet de d\u00e9finir les modalit\u00e9s et conditions d&rsquo;utilisation du site web [Nom de votre site].<br \/><br \/><\/p>\n<h3><strong>Acceptation<\/strong><\/h3>\n<p>L&rsquo;acc\u00e8s et l&rsquo;utilisation du site [Nom de votre site] sont soumis \u00e0 l&rsquo;acceptation et au respect des pr\u00e9sentes CGU. Tout utilisateur qui acc\u00e8de au site accepte, sans r\u00e9serve, les pr\u00e9sentes CGU.<br \/><br \/><\/p>\n<h3><strong>Acc\u00e8s au site<\/strong><\/h3>\n<p>[Nom de la soci\u00e9t\u00e9\/entit\u00e9] se r\u00e9serve le droit de modifier, interrompre temporairement ou de mani\u00e8re permanente tout ou partie du site, sans pr\u00e9avis ni indemnit\u00e9. Aucune responsabilit\u00e9 de ce fait ne pourra \u00eatre accept\u00e9e par [Nom de la soci\u00e9t\u00e9\/entit\u00e9].<br \/><br \/><\/p>\n<h3><strong>Propri\u00e9t\u00e9 intellectuelle<\/strong><\/h3>\n<p>Tout le contenu de ce site est prot\u00e9g\u00e9 par les lois relatives aux droits d&rsquo;auteur et \u00e0 la propri\u00e9t\u00e9 intellectuelle. Toute reproduction, modification, distribution ou utilisation non autoris\u00e9e du contenu est strictement interdite.<br \/><br \/><\/p>\n<h3><strong>Responsabilit\u00e9<\/strong><\/h3>\n<p>[Nom de la soci\u00e9t\u00e9\/entit\u00e9] ne pourra \u00eatre tenu responsable de tout dommage direct ou indirect r\u00e9sultant de l&rsquo;utilisation de son site web ou d&rsquo;autres sites qui lui sont li\u00e9s.<br \/><br \/><\/p>\n<h3><strong>Utilisation du site<\/strong><\/h3>\n<p>L&rsquo;utilisateur s&rsquo;engage \u00e0 ne pas utiliser le site ou son contenu \u00e0 des fins illicites et \u00e0 ne commettre aucun acte pouvant endommager, surcharger, rendre inop\u00e9rant ou nuire au site ou aux services associ\u00e9s.<br \/><br \/><\/p>\n<h3><strong>Liens hypertextes<\/strong><\/h3>\n<p>[Nom de votre site] peut contenir des liens vers d&rsquo;autres sites web qui ne sont pas sous le contr\u00f4le de [Nom de la soci\u00e9t\u00e9\/entit\u00e9], qui ne saurait \u00eatre tenu pour responsable du contenu de ces sites.<br \/><br \/><\/p>\n<h3><strong>Modification des CGU<\/strong><\/h3>\n<p>[Nom de la soci\u00e9t\u00e9\/entit\u00e9] se r\u00e9serve le droit de modifier les pr\u00e9sentes CGU \u00e0 tout moment. Les utilisateurs seront inform\u00e9s de ces modifications d\u00e8s leur mise en ligne sur le site.<br \/><br \/><\/p>\n<h3><strong>Juridiction et droit applicable<\/strong><\/h3>\n<p>Les pr\u00e9sentes CGU sont r\u00e9gies par le droit [nom du pays]. Tout litige relatif \u00e0 l&rsquo;interpr\u00e9tation, l&rsquo;ex\u00e9cution ou la rupture du contrat conclu entre [Nom de la soci\u00e9t\u00e9\/entit\u00e9] et l&rsquo;utilisateur, m\u00eame en cas de pluralit\u00e9 de d\u00e9fendeurs, sera, \u00e0 d\u00e9faut d&rsquo;accord amiable, de la comp\u00e9tence exclusive des tribunaux [nom du pays].<\/p>\n\t\t\t\t\t\t\t\t<\/div>\n\t\t\t\t<\/div>\n\t\t\t\t<\/div>\n\t\t\t\t\t<\/div>\n\t\t\t\t<\/div>\n\t\t\t\t<\/div>\n\t\t","protected":false},"excerpt":{"rendered":"<p>Objet Les pr\u00e9sentes Conditions G\u00e9n\u00e9rales d&rsquo;Utilisation (ci-apr\u00e8s \u00ab\u00a0CGU\u00a0\u00bb) ont pour objet de d\u00e9finir les modalit\u00e9s et conditions d&rsquo;utilisation du site web [Nom de votre site]. Acceptation L&rsquo;acc\u00e8s et l&rsquo;utilisation du site [Nom de votre site] sont soumis \u00e0 l&rsquo;acceptation et au respect des pr\u00e9sentes CGU. Tout utilisateur qui acc\u00e8de au site accepte, sans r\u00e9serve, les [&hellip;]<\/p>\n","protected":false},"author":1,"featured_media":0,"parent":0,"menu_order":0,"comment_status":"closed","ping_status":"closed","template":"elementor_header_footer","meta":{"footnotes":""},"class_list":["post-797","page","type-page","status-publish","hentry"],"_links":{"self":[{"href":"https:\/\/shenpo.fr\/index.php?rest_route=\/wp\/v2\/pages\/797","targetHints":{"allow":["GET"]}}],"collection":[{"href":"https:\/\/shenpo.fr\/index.php?rest_route=\/wp\/v2\/pages"}],"about":[{"href":"https:\/\/shenpo.fr\/index.php?rest_route=\/wp\/v2\/types\/page"}],"author":[{"embeddable":true,"href":"https:\/\/shenpo.fr\/index.php?rest_route=\/wp\/v2\/users\/1"}],"replies":[{"embeddable":true,"href":"https:\/\/shenpo.fr\/index.php?rest_route=%2Fwp%2Fv2%2Fcomments&post=797"}],"version-history":[{"count":0,"href":"https:\/\/shenpo.fr\/index.php?rest_route=\/wp\/v2\/pages\/797\/revisions"}],"wp:attachment":[{"href":"https:\/\/shenpo.fr\/index.php?rest_route=%2Fwp%2Fv2%2Fmedia&parent=797"}],"curies":[{"name":"wp","href":"https:\/\/api.w.org\/{rel}","templated":true}]}}