{"id":792,"date":"2023-08-10T04:32:14","date_gmt":"2023-08-10T04:32:14","guid":{"rendered":"https:\/\/shenpo.fr\/?page_id=792"},"modified":"2023-08-10T06:22:51","modified_gmt":"2023-08-10T06:22:51","slug":"mentions-legales","status":"publish","type":"page","link":"https:\/\/shenpo.fr\/?page_id=792","title":{"rendered":"Mentions l\u00e9gales"},"content":{"rendered":"\t\t<div data-elementor-type=\"wp-page\" data-elementor-id=\"792\" class=\"elementor elementor-792\" data-elementor-post-type=\"page\">\n\t\t\t\t<div class=\"elementor-element elementor-element-14886cd e-flex e-con-boxed e-con e-parent\" data-id=\"14886cd\" data-element_type=\"container\" data-e-type=\"container\" data-settings=\"{&quot;background_background&quot;:&quot;classic&quot;}\">\n\t\t\t\t\t<div class=\"e-con-inner\">\n\t\t\t\t\t<\/div>\n\t\t\t\t<\/div>\n\t\t<div class=\"elementor-element elementor-element-71d296d e-flex e-con-boxed e-con e-parent\" data-id=\"71d296d\" data-element_type=\"container\" data-e-type=\"container\">\n\t\t\t\t\t<div class=\"e-con-inner\">\n\t\t<div class=\"elementor-element elementor-element-ae733cc e-con-full e-flex e-con e-child\" data-id=\"ae733cc\" data-element_type=\"container\" data-e-type=\"container\">\n\t\t\t\t<div class=\"elementor-element elementor-element-6ae85f6 elementor-widget elementor-widget-text-editor\" data-id=\"6ae85f6\" data-element_type=\"widget\" data-e-type=\"widget\" data-widget_type=\"text-editor.default\">\n\t\t\t\t<div class=\"elementor-widget-container\">\n\t\t\t\t\t\t\t\t\t\n<h3 class=\"wp-block-heading\"><strong>Informations sur la soci\u00e9t\u00e9<\/strong><\/h3>\n<p>[Nom de la soci\u00e9t\u00e9\/entit\u00e9]<br \/>Adresse : [Adresse compl\u00e8te]<br \/>T\u00e9l\u00e9phone : [Num\u00e9ro de t\u00e9l\u00e9phone]<br \/>Adresse e-mail : [Adresse email]<br \/>SIRET (ou \u00e9quivalent selon le pays) : [Num\u00e9ro SIRET]<br \/><br \/><\/p>\n<h3><strong>Responsable de la publication<\/strong><\/h3>\n<p>[Nom et pr\u00e9nom du responsable]<br \/>T\u00e9l\u00e9phone : [Num\u00e9ro de t\u00e9l\u00e9phone du responsable]<br \/>Adresse e-mail : [Adresse email du responsable]<br \/><br \/><\/p>\n<h3><strong>H\u00e9bergement<\/strong><\/h3>\n<p>Le site [Nom de votre site] est h\u00e9berg\u00e9 par [Nom de la soci\u00e9t\u00e9 d&rsquo;h\u00e9bergement]<br \/>Adresse : [Adresse de la soci\u00e9t\u00e9 d&rsquo;h\u00e9bergement]<br \/>T\u00e9l\u00e9phone : [Num\u00e9ro de t\u00e9l\u00e9phone de la soci\u00e9t\u00e9 d&rsquo;h\u00e9bergement]<br \/><br \/><\/p>\n<h3><strong>Droits d&rsquo;auteur et cr\u00e9dits<\/strong><\/h3>\n<p>Tout le contenu de ce site, incluant, de fa\u00e7on non limitative, les graphiques, images, textes, vid\u00e9os, animations, sons, logos, gifs et ic\u00f4nes ainsi que leur mise en forme sont la propri\u00e9t\u00e9 exclusive de [Nom de la soci\u00e9t\u00e9\/entit\u00e9] \u00e0 l&rsquo;exception des marques, logos ou contenus appartenant \u00e0 d&rsquo;autres soci\u00e9t\u00e9s partenaires ou auteurs.<br \/><br \/><\/p>\n<h3><strong>Limitations de responsabilit\u00e9<\/strong><\/h3>\n<p>[Nom de la soci\u00e9t\u00e9\/entit\u00e9] ne peut \u00eatre tenu responsable de dommages directs ou indirects caus\u00e9s au mat\u00e9riel de l&rsquo;utilisateur, lors de l&rsquo;acc\u00e8s au site [Nom de votre site], et r\u00e9sultant soit de l&rsquo;utilisation d&rsquo;un mat\u00e9riel ne r\u00e9pondant pas aux sp\u00e9cifications indiqu\u00e9es, soit de l&rsquo;apparition d&rsquo;un bug ou d&rsquo;une incompatibilit\u00e9.<br \/><br \/><\/p>\n<h3><strong>Liens hypertextes et cookies<\/strong><\/h3>\n<p>Le site [Nom de votre site] contient un certain nombre de liens hypertextes vers d&rsquo;autres sites (partenaires, informations &#8230;) mis en place avec l&rsquo;autorisation de [Nom de la soci\u00e9t\u00e9\/entit\u00e9]. Cependant, [Nom de la soci\u00e9t\u00e9\/entit\u00e9] n&rsquo;a pas la possibilit\u00e9 de v\u00e9rifier le contenu des sites ainsi visit\u00e9s et d\u00e9cline donc toute responsabilit\u00e9 de ce fait quant aux risques \u00e9ventuels de contenus illicites.<br \/><br \/><\/p>\n<h3><strong>Droit applicable et juridiction<\/strong><\/h3>\n<p>Les pr\u00e9sentes mentions l\u00e9gales sont soumises au droit [nom du pays]. Tout litige relatif \u00e0 l&rsquo;interpr\u00e9tation ou \u00e0 l&rsquo;ex\u00e9cution d&rsquo;un engagement contractuel pr\u00e9vu sur le site sera de la comp\u00e9tence exclusive des tribunaux [nom du pays].<\/p>\n\t\t\t\t\t\t\t\t<\/div>\n\t\t\t\t<\/div>\n\t\t\t\t<\/div>\n\t\t\t\t\t<\/div>\n\t\t\t\t<\/div>\n\t\t\t\t<\/div>\n\t\t","protected":false},"excerpt":{"rendered":"<p>Informations sur la soci\u00e9t\u00e9 [Nom de la soci\u00e9t\u00e9\/entit\u00e9]Adresse : [Adresse compl\u00e8te]T\u00e9l\u00e9phone : [Num\u00e9ro de t\u00e9l\u00e9phone]Adresse e-mail : [Adresse email]SIRET (ou \u00e9quivalent selon le pays) : [Num\u00e9ro SIRET] Responsable de la publication [Nom et pr\u00e9nom du responsable]T\u00e9l\u00e9phone : [Num\u00e9ro de t\u00e9l\u00e9phone du responsable]Adresse e-mail : [Adresse email du responsable] H\u00e9bergement Le site [Nom de votre site] [&hellip;]<\/p>\n","protected":false},"author":1,"featured_media":0,"parent":0,"menu_order":0,"comment_status":"closed","ping_status":"closed","template":"elementor_header_footer","meta":{"footnotes":""},"class_list":["post-792","page","type-page","status-publish","hentry"],"_links":{"self":[{"href":"https:\/\/shenpo.fr\/index.php?rest_route=\/wp\/v2\/pages\/792","targetHints":{"allow":["GET"]}}],"collection":[{"href":"https:\/\/shenpo.fr\/index.php?rest_route=\/wp\/v2\/pages"}],"about":[{"href":"https:\/\/shenpo.fr\/index.php?rest_route=\/wp\/v2\/types\/page"}],"author":[{"embeddable":true,"href":"https:\/\/shenpo.fr\/index.php?rest_route=\/wp\/v2\/users\/1"}],"replies":[{"embeddable":true,"href":"https:\/\/shenpo.fr\/index.php?rest_route=%2Fwp%2Fv2%2Fcomments&post=792"}],"version-history":[{"count":0,"href":"https:\/\/shenpo.fr\/index.php?rest_route=\/wp\/v2\/pages\/792\/revisions"}],"wp:attachment":[{"href":"https:\/\/shenpo.fr\/index.php?rest_route=%2Fwp%2Fv2%2Fmedia&parent=792"}],"curies":[{"name":"wp","href":"https:\/\/api.w.org\/{rel}","templated":true}]}}