{"id":3,"date":"2023-07-30T03:17:23","date_gmt":"2023-07-30T03:17:23","guid":{"rendered":"https:\/\/shenpo.fr\/home\/yoobi\/domains\/demo.yoobi.fr\/public_html\/?page_id=3"},"modified":"2023-08-10T06:22:41","modified_gmt":"2023-08-10T06:22:41","slug":"privacy-policy","status":"publish","type":"page","link":"https:\/\/shenpo.fr\/?page_id=3","title":{"rendered":"Politique de confidentialit\u00e9"},"content":{"rendered":"\t\t<div data-elementor-type=\"wp-page\" data-elementor-id=\"3\" class=\"elementor elementor-3\" data-elementor-post-type=\"page\">\n\t\t\t\t<div class=\"elementor-element elementor-element-14886cd e-flex e-con-boxed e-con e-parent\" data-id=\"14886cd\" data-element_type=\"container\" data-e-type=\"container\" data-settings=\"{&quot;background_background&quot;:&quot;classic&quot;}\">\n\t\t\t\t\t<div class=\"e-con-inner\">\n\t\t\t\t\t<\/div>\n\t\t\t\t<\/div>\n\t\t<div class=\"elementor-element elementor-element-71d296d e-flex e-con-boxed e-con e-parent\" data-id=\"71d296d\" data-element_type=\"container\" data-e-type=\"container\">\n\t\t\t\t\t<div class=\"e-con-inner\">\n\t\t<div class=\"elementor-element elementor-element-ae733cc e-con-full e-flex e-con e-child\" data-id=\"ae733cc\" data-element_type=\"container\" data-e-type=\"container\">\n\t\t\t\t<div class=\"elementor-element elementor-element-6ae85f6 elementor-widget elementor-widget-text-editor\" data-id=\"6ae85f6\" data-element_type=\"widget\" data-e-type=\"widget\" data-widget_type=\"text-editor.default\">\n\t\t\t\t<div class=\"elementor-widget-container\">\n\t\t\t\t\t\t\t\t\t\n<h3 class=\"wp-block-heading\"><strong>Introduction<\/strong><\/h3>\n<p>Merci de visiter [Nom de votre site]. Votre vie priv\u00e9e est tr\u00e8s importante pour nous. Cette politique explique comment et pourquoi nous collectons, stockons et utilisons vos informations personnelles.<br \/><br \/><\/p>\n<h3><strong>Collecte des informations<\/strong><\/h3>\n<p>Lorsque vous visitez [Nom de votre site], nous pouvons collecter les informations suivantes :<\/p>\n<ul>\n<li>Informations que vous fournissez en remplissant des formulaires sur notre site.<\/li>\n<li>D\u00e9tails des visites \u00e0 notre site, y compris, mais sans s&rsquo;y limiter, les donn\u00e9es de trafic, de localisation, les logs et autres donn\u00e9es de communication.<br \/><br \/><\/li>\n<\/ul>\n<h3><strong>Utilisation de vos informations<\/strong><\/h3>\n<p>Nous utilisons vos informations pour :<\/p>\n<ul>\n<li>Assurer la pr\u00e9sentation de contenu de notre site de la mani\u00e8re la plus efficace pour vous et pour votre ordinateur.<\/li>\n<li>Fournir des informations, produits ou services que vous avez demand\u00e9s ou que nous estimons susceptibles de vous int\u00e9resser.<br \/><br \/><\/li>\n<\/ul>\n<h3><strong>Stockage de vos informations<\/strong><\/h3>\n<p>Vos donn\u00e9es sont stock\u00e9es de mani\u00e8re s\u00e9curis\u00e9e et ne sont accessibles qu&rsquo;aux personnes autoris\u00e9es. Nous avons mis en place des mesures pour prot\u00e9ger vos informations contre la perte, l&rsquo;usage abusif, l&rsquo;acc\u00e8s non autoris\u00e9, la divulgation, l&rsquo;alt\u00e9ration ou la destruction.<br \/><br \/><\/p>\n<h3><strong>Cookies<\/strong><\/h3>\n<p>[Nom de votre site] utilise des cookies pour distinguer les utilisateurs du site et am\u00e9liorer leur exp\u00e9rience.<br \/><br \/><\/p>\n<h3><strong>Liens vers d&rsquo;autres sites<\/strong><\/h3>\n<p>Notre site peut, de temps \u00e0 autre, contenir des liens vers et depuis d&rsquo;autres sites. Si vous suivez un lien vers l&rsquo;un de ces sites, notez qu&rsquo;ils ont leur propre politique de confidentialit\u00e9 et que nous n&rsquo;acceptons aucune responsabilit\u00e9 pour ces politiques.<br \/><br \/><\/p>\n<h3><strong>Modifications de notre politique de confidentialit\u00e9<\/strong><\/h3>\n<p>Toutes modifications que nous pourrions apporter \u00e0 notre politique de confidentialit\u00e9 dans le futur seront post\u00e9es sur cette page.<br \/><br \/><\/p>\n<h3><strong>Contact<\/strong><\/h3>\n<p>Pour toute question concernant cette politique de confidentialit\u00e9, contactez-nous \u00e0 [adresse email].<\/p>\n\t\t\t\t\t\t\t\t<\/div>\n\t\t\t\t<\/div>\n\t\t\t\t<\/div>\n\t\t\t\t\t<\/div>\n\t\t\t\t<\/div>\n\t\t\t\t<\/div>\n\t\t","protected":false},"excerpt":{"rendered":"<p>Introduction Merci de visiter [Nom de votre site]. Votre vie priv\u00e9e est tr\u00e8s importante pour nous. Cette politique explique comment et pourquoi nous collectons, stockons et utilisons vos informations personnelles. Collecte des informations Lorsque vous visitez [Nom de votre site], nous pouvons collecter les informations suivantes : Informations que vous fournissez en remplissant des formulaires [&hellip;]<\/p>\n","protected":false},"author":1,"featured_media":0,"parent":0,"menu_order":0,"comment_status":"closed","ping_status":"closed","template":"elementor_header_footer","meta":{"footnotes":""},"class_list":["post-3","page","type-page","status-publish","hentry"],"_links":{"self":[{"href":"https:\/\/shenpo.fr\/index.php?rest_route=\/wp\/v2\/pages\/3","targetHints":{"allow":["GET"]}}],"collection":[{"href":"https:\/\/shenpo.fr\/index.php?rest_route=\/wp\/v2\/pages"}],"about":[{"href":"https:\/\/shenpo.fr\/index.php?rest_route=\/wp\/v2\/types\/page"}],"author":[{"embeddable":true,"href":"https:\/\/shenpo.fr\/index.php?rest_route=\/wp\/v2\/users\/1"}],"replies":[{"embeddable":true,"href":"https:\/\/shenpo.fr\/index.php?rest_route=%2Fwp%2Fv2%2Fcomments&post=3"}],"version-history":[{"count":0,"href":"https:\/\/shenpo.fr\/index.php?rest_route=\/wp\/v2\/pages\/3\/revisions"}],"wp:attachment":[{"href":"https:\/\/shenpo.fr\/index.php?rest_route=%2Fwp%2Fv2%2Fmedia&parent=3"}],"curies":[{"name":"wp","href":"https:\/\/api.w.org\/{rel}","templated":true}]}}