{"id":2317,"date":"2025-09-04T15:30:29","date_gmt":"2025-09-04T15:30:29","guid":{"rendered":"https:\/\/shenpo.fr\/?page_id=2317"},"modified":"2025-09-05T08:08:49","modified_gmt":"2025-09-05T08:08:49","slug":"immersion-clinique-en-chine","status":"publish","type":"page","link":"https:\/\/shenpo.fr\/?page_id=2317","title":{"rendered":"Immersion clinique en Chine"},"content":{"rendered":"\t\t<div data-elementor-type=\"wp-page\" data-elementor-id=\"2317\" class=\"elementor elementor-2317\" data-elementor-post-type=\"page\">\n\t\t\t\t<div class=\"elementor-element elementor-element-9d422fe e-flex e-con-boxed e-con e-parent\" data-id=\"9d422fe\" data-element_type=\"container\" data-e-type=\"container\" data-settings=\"{&quot;background_background&quot;:&quot;classic&quot;}\">\n\t\t\t\t\t<div class=\"e-con-inner\">\n\t\t<div class=\"elementor-element elementor-element-1a7bdea e-flex e-con-boxed e-con e-child\" data-id=\"1a7bdea\" data-element_type=\"container\" data-e-type=\"container\">\n\t\t\t\t\t<div class=\"e-con-inner\">\n\t\t\t\t<div class=\"elementor-element elementor-element-00a685d elementor-widget elementor-widget-image\" data-id=\"00a685d\" data-element_type=\"widget\" data-e-type=\"widget\" data-widget_type=\"image.default\">\n\t\t\t\t<div class=\"elementor-widget-container\">\n\t\t\t\t\t\t\t\t\t\t\t\t\t\t\t\t<a href=\"https:\/\/shenpo.fr\/\">\n\t\t\t\t\t\t\t<img fetchpriority=\"high\" decoding=\"async\" width=\"500\" height=\"500\" src=\"https:\/\/shenpo.fr\/wp-content\/uploads\/2023\/12\/logoshen-1.png\" class=\"attachment-large size-large wp-image-1903\" alt=\"\" srcset=\"https:\/\/shenpo.fr\/wp-content\/uploads\/2023\/12\/logoshen-1.png 500w, https:\/\/shenpo.fr\/wp-content\/uploads\/2023\/12\/logoshen-1-300x300.png 300w, https:\/\/shenpo.fr\/wp-content\/uploads\/2023\/12\/logoshen-1-150x150.png 150w, https:\/\/shenpo.fr\/wp-content\/uploads\/2023\/12\/elementor\/thumbs\/logoshen-1-qh4prk4vuco5s4x0c9y0l573c36w2xb0g2qwoz5pbo.png 50w, https:\/\/shenpo.fr\/wp-content\/uploads\/2023\/12\/elementor\/thumbs\/logoshen-1-qh4prk4vh718aqgw0lonybjl0vxehecaojdcuk0jbc.png 20w\" sizes=\"(max-width: 500px) 100vw, 500px\" \/>\t\t\t\t\t\t\t\t<\/a>\n\t\t\t\t\t\t\t\t\t\t\t\t\t\t\t<\/div>\n\t\t\t\t<\/div>\n\t\t\t\t<div class=\"elementor-element elementor-element-dede7f8 elementor-nav-menu--stretch elementor-widget-mobile__width-initial elementor-nav-menu--dropdown-tablet elementor-nav-menu__text-align-aside elementor-nav-menu--toggle elementor-nav-menu--burger elementor-widget elementor-widget-nav-menu\" data-id=\"dede7f8\" data-element_type=\"widget\" data-e-type=\"widget\" data-settings=\"{&quot;full_width&quot;:&quot;stretch&quot;,&quot;layout&quot;:&quot;horizontal&quot;,&quot;submenu_icon&quot;:{&quot;value&quot;:&quot;&lt;i class=\\&quot;fas fa-caret-down\\&quot; aria-hidden=\\&quot;true\\&quot;&gt;&lt;\\\/i&gt;&quot;,&quot;library&quot;:&quot;fa-solid&quot;},&quot;toggle&quot;:&quot;burger&quot;}\" data-widget_type=\"nav-menu.default\">\n\t\t\t\t<div class=\"elementor-widget-container\">\n\t\t\t\t\t\t\t\t<nav aria-label=\"Menu\" class=\"elementor-nav-menu--main elementor-nav-menu__container elementor-nav-menu--layout-horizontal e--pointer-none\">\n\t\t\t\t<ul id=\"menu-1-dede7f8\" class=\"elementor-nav-menu\"><li class=\"menu-item menu-item-type-post_type menu-item-object-page menu-item-home menu-item-83\"><a href=\"https:\/\/shenpo.fr\/\" class=\"elementor-item\">Accueil<\/a><\/li>\n<li class=\"menu-item menu-item-type-post_type menu-item-object-page menu-item-1187\"><a href=\"https:\/\/shenpo.fr\/?page_id=1180\" class=\"elementor-item\">A Propos<\/a><\/li>\n<li class=\"menu-item menu-item-type-custom menu-item-object-custom menu-item-has-children menu-item-1133\"><a href=\"#\" class=\"elementor-item elementor-item-anchor\">Mes services<\/a>\n<ul class=\"sub-menu elementor-nav-menu--dropdown\">\n\t<li class=\"menu-item menu-item-type-post_type menu-item-object-page menu-item-1322\"><a href=\"https:\/\/shenpo.fr\/?page_id=1308\" class=\"elementor-sub-item\">M\u00e9decine chinoise<\/a><\/li>\n\t<li class=\"menu-item menu-item-type-post_type menu-item-object-page menu-item-1324\"><a href=\"https:\/\/shenpo.fr\/?page_id=1306\" class=\"elementor-sub-item\">Tuina &#8211; Massage \u00c9nerg\u00e9tique<\/a><\/li>\n\t<li class=\"menu-item menu-item-type-post_type menu-item-object-page menu-item-2118\"><a href=\"https:\/\/shenpo.fr\/?page_id=2116\" class=\"elementor-sub-item\">Ventouses et soin cellulite<\/a><\/li>\n\t<li class=\"menu-item menu-item-type-post_type menu-item-object-page menu-item-1323\"><a href=\"https:\/\/shenpo.fr\/?page_id=1307\" class=\"elementor-sub-item\">Soins bambous<\/a><\/li>\n\t<li class=\"menu-item menu-item-type-post_type menu-item-object-page menu-item-1426\"><a href=\"https:\/\/shenpo.fr\/?page_id=1424\" class=\"elementor-sub-item\">La femme enceinte<\/a><\/li>\n\t<li class=\"menu-item menu-item-type-post_type menu-item-object-page menu-item-1427\"><a href=\"https:\/\/shenpo.fr\/?page_id=1418\" class=\"elementor-sub-item\">Ateliers<\/a><\/li>\n\t<li class=\"menu-item menu-item-type-post_type menu-item-object-page menu-item-2316\"><a href=\"https:\/\/shenpo.fr\/?page_id=2297\" class=\"elementor-sub-item\">Aculifting<\/a><\/li>\n<\/ul>\n<\/li>\n<li class=\"menu-item menu-item-type-post_type menu-item-object-page menu-item-1699\"><a href=\"https:\/\/shenpo.fr\/?page_id=1697\" class=\"elementor-item\">M\u00e9moire cellulaire<\/a><\/li>\n<li class=\"menu-item menu-item-type-post_type menu-item-object-page menu-item-1428\"><a href=\"https:\/\/shenpo.fr\/?page_id=1410\" class=\"elementor-item\">Entreprise<\/a><\/li>\n<li class=\"menu-item menu-item-type-post_type menu-item-object-page menu-item-2325\"><a href=\"https:\/\/shenpo.fr\/?page_id=2317\" class=\"elementor-item\">Immersion<\/a><\/li>\n<li class=\"menu-item menu-item-type-post_type menu-item-object-page menu-item-1608\"><a href=\"https:\/\/shenpo.fr\/?page_id=1606\" class=\"elementor-item\">D\u00e9ontologie et hygi\u00e8ne<\/a><\/li>\n<\/ul>\t\t\t<\/nav>\n\t\t\t\t\t<div class=\"elementor-menu-toggle\" role=\"button\" tabindex=\"0\" aria-label=\"Permuter le menu\" aria-expanded=\"false\">\n\t\t\t<i aria-hidden=\"true\" role=\"presentation\" class=\"elementor-menu-toggle__icon--open eicon-menu-bar\"><\/i><i aria-hidden=\"true\" role=\"presentation\" class=\"elementor-menu-toggle__icon--close eicon-close\"><\/i>\t\t<\/div>\n\t\t\t\t\t<nav class=\"elementor-nav-menu--dropdown elementor-nav-menu__container\" aria-hidden=\"true\">\n\t\t\t\t<ul id=\"menu-2-dede7f8\" class=\"elementor-nav-menu\"><li class=\"menu-item menu-item-type-post_type menu-item-object-page menu-item-home menu-item-83\"><a href=\"https:\/\/shenpo.fr\/\" class=\"elementor-item\" tabindex=\"-1\">Accueil<\/a><\/li>\n<li class=\"menu-item menu-item-type-post_type menu-item-object-page menu-item-1187\"><a href=\"https:\/\/shenpo.fr\/?page_id=1180\" class=\"elementor-item\" tabindex=\"-1\">A Propos<\/a><\/li>\n<li class=\"menu-item menu-item-type-custom menu-item-object-custom menu-item-has-children menu-item-1133\"><a href=\"#\" class=\"elementor-item elementor-item-anchor\" tabindex=\"-1\">Mes services<\/a>\n<ul class=\"sub-menu elementor-nav-menu--dropdown\">\n\t<li class=\"menu-item menu-item-type-post_type menu-item-object-page menu-item-1322\"><a href=\"https:\/\/shenpo.fr\/?page_id=1308\" class=\"elementor-sub-item\" tabindex=\"-1\">M\u00e9decine chinoise<\/a><\/li>\n\t<li class=\"menu-item menu-item-type-post_type menu-item-object-page menu-item-1324\"><a href=\"https:\/\/shenpo.fr\/?page_id=1306\" class=\"elementor-sub-item\" tabindex=\"-1\">Tuina &#8211; Massage \u00c9nerg\u00e9tique<\/a><\/li>\n\t<li class=\"menu-item menu-item-type-post_type menu-item-object-page menu-item-2118\"><a href=\"https:\/\/shenpo.fr\/?page_id=2116\" class=\"elementor-sub-item\" tabindex=\"-1\">Ventouses et soin cellulite<\/a><\/li>\n\t<li class=\"menu-item menu-item-type-post_type menu-item-object-page menu-item-1323\"><a href=\"https:\/\/shenpo.fr\/?page_id=1307\" class=\"elementor-sub-item\" tabindex=\"-1\">Soins bambous<\/a><\/li>\n\t<li class=\"menu-item menu-item-type-post_type menu-item-object-page menu-item-1426\"><a href=\"https:\/\/shenpo.fr\/?page_id=1424\" class=\"elementor-sub-item\" tabindex=\"-1\">La femme enceinte<\/a><\/li>\n\t<li class=\"menu-item menu-item-type-post_type menu-item-object-page menu-item-1427\"><a href=\"https:\/\/shenpo.fr\/?page_id=1418\" class=\"elementor-sub-item\" tabindex=\"-1\">Ateliers<\/a><\/li>\n\t<li class=\"menu-item menu-item-type-post_type menu-item-object-page menu-item-2316\"><a href=\"https:\/\/shenpo.fr\/?page_id=2297\" class=\"elementor-sub-item\" tabindex=\"-1\">Aculifting<\/a><\/li>\n<\/ul>\n<\/li>\n<li class=\"menu-item menu-item-type-post_type menu-item-object-page menu-item-1699\"><a href=\"https:\/\/shenpo.fr\/?page_id=1697\" class=\"elementor-item\" tabindex=\"-1\">M\u00e9moire cellulaire<\/a><\/li>\n<li class=\"menu-item menu-item-type-post_type menu-item-object-page menu-item-1428\"><a href=\"https:\/\/shenpo.fr\/?page_id=1410\" class=\"elementor-item\" tabindex=\"-1\">Entreprise<\/a><\/li>\n<li class=\"menu-item menu-item-type-post_type menu-item-object-page menu-item-2325\"><a href=\"https:\/\/shenpo.fr\/?page_id=2317\" class=\"elementor-item\" tabindex=\"-1\">Immersion<\/a><\/li>\n<li class=\"menu-item menu-item-type-post_type menu-item-object-page menu-item-1608\"><a href=\"https:\/\/shenpo.fr\/?page_id=1606\" class=\"elementor-item\" tabindex=\"-1\">D\u00e9ontologie et hygi\u00e8ne<\/a><\/li>\n<\/ul>\t\t\t<\/nav>\n\t\t\t\t\t\t<\/div>\n\t\t\t\t<\/div>\n\t\t\t\t<div class=\"elementor-element elementor-element-f0bfae5 elementor-hidden-mobile elementor-widget elementor-widget-button\" data-id=\"f0bfae5\" data-element_type=\"widget\" data-e-type=\"widget\" data-widget_type=\"button.default\">\n\t\t\t\t<div class=\"elementor-widget-container\">\n\t\t\t\t\t\t\t\t\t<div class=\"elementor-button-wrapper\">\n\t\t\t\t\t<a class=\"elementor-button elementor-button-link elementor-size-sm\" href=\"http:\/\/Shenpo.fr\/#contact\">\n\t\t\t\t\t\t<span class=\"elementor-button-content-wrapper\">\n\t\t\t\t\t\t<span class=\"elementor-button-icon\">\n\t\t\t\t<i aria-hidden=\"true\" class=\"far fa-envelope-open\"><\/i>\t\t\t<\/span>\n\t\t\t\t\t\t\t\t\t<span class=\"elementor-button-text\">Contactez-moi<\/span>\n\t\t\t\t\t<\/span>\n\t\t\t\t\t<\/a>\n\t\t\t\t<\/div>\n\t\t\t\t\t\t\t\t<\/div>\n\t\t\t\t<\/div>\n\t\t\t\t\t<\/div>\n\t\t\t\t<\/div>\n\t\t<div class=\"elementor-element elementor-element-cbba834 e-flex e-con-boxed e-con e-child\" data-id=\"cbba834\" data-element_type=\"container\" data-e-type=\"container\">\n\t\t\t\t\t<div class=\"e-con-inner\">\n\t\t<div class=\"elementor-element elementor-element-f779ec1 e-con-full e-flex elementor-invisible e-con e-child\" data-id=\"f779ec1\" data-element_type=\"container\" data-e-type=\"container\" data-settings=\"{&quot;animation&quot;:&quot;fadeInLeft&quot;,&quot;animation_delay&quot;:800}\">\n\t\t\t\t<div class=\"elementor-element elementor-element-fee2578 elementor-widget elementor-widget-heading\" data-id=\"fee2578\" data-element_type=\"widget\" data-e-type=\"widget\" data-widget_type=\"heading.default\">\n\t\t\t\t<div class=\"elementor-widget-container\">\n\t\t\t\t\t<h1 class=\"elementor-heading-title elementor-size-default\">Immersion clinique en Chine<\/h1>\t\t\t\t<\/div>\n\t\t\t\t<\/div>\n\t\t\t\t<\/div>\n\t\t\t\t\t<\/div>\n\t\t\t\t<\/div>\n\t\t\t\t\t<\/div>\n\t\t\t\t<\/div>\n\t\t<div class=\"elementor-element elementor-element-fb36e48 e-flex e-con-boxed e-con e-parent\" data-id=\"fb36e48\" data-element_type=\"container\" data-e-type=\"container\" data-settings=\"{&quot;background_background&quot;:&quot;classic&quot;}\">\n\t\t\t\t\t<div class=\"e-con-inner\">\n\t\t<div class=\"elementor-element elementor-element-be9ab0f e-flex e-con-boxed elementor-invisible e-con e-child\" data-id=\"be9ab0f\" data-element_type=\"container\" data-e-type=\"container\" data-settings=\"{&quot;animation&quot;:&quot;fadeIn&quot;,&quot;animation_delay&quot;:600}\">\n\t\t\t\t\t<div class=\"e-con-inner\">\n\t\t\t\t<div class=\"elementor-element elementor-element-9127c1a elementor-widget elementor-widget-heading\" data-id=\"9127c1a\" data-element_type=\"widget\" data-e-type=\"widget\" data-widget_type=\"heading.default\">\n\t\t\t\t<div class=\"elementor-widget-container\">\n\t\t\t\t\t<h2 class=\"elementor-heading-title elementor-size-default\">Immersion clinique en Chine<\/h2>\t\t\t\t<\/div>\n\t\t\t\t<\/div>\n\t\t\t\t<div class=\"elementor-element elementor-element-cc6cd1c elementor-widget elementor-widget-text-editor\" data-id=\"cc6cd1c\" data-element_type=\"widget\" data-e-type=\"widget\" data-widget_type=\"text-editor.default\">\n\t\t\t\t<div class=\"elementor-widget-container\">\n\t\t\t\t\t\t\t\t\t<p><span style=\"font-family: arial, sans-serif;\">Dans le cadre de mon perfectionnement en acupuncture, j\u2019ai suivi une formation clinique intensive au sein de l&rsquo;h\u00f4pital de Xiamen en Chine, lieu de r\u00e9f\u00e9rence pour la pratique de la m\u00e9decine traditionnelle chinoise (MTC).<\/span><\/p><p><span style=\"font-family: arial, sans-serif;\">Ce stage m\u2019a permis de consolider mes comp\u00e9tences en acupuncture gr\u00e2ce \u00e0 une immersion directe aupr\u00e8s de praticiens hospitaliers exp\u00e9riment\u00e9s. J\u2019ai particip\u00e9 \u00e0 la prise en charge de patients pr\u00e9sentant des pathologies vari\u00e9es, allant des douleurs chroniques aux troubles fonctionnels, en passant par l<\/span>a sph\u00e8re psycho-\u00e9motionnelle dans plusieurs services tels que :\u00a0gyn\u00e9cologie, oncologie, endocrinologie, cardiologie, maladies des voies respiratoires, rhumatologie, p\u00e9diatrie.<\/p><p><span style=\"font-family: arial, sans-serif;\">Cette exp\u00e9rience clinique m\u2019a apport\u00e9 une vision approfondie des protocoles th\u00e9rapeutiques, ainsi qu\u2019une meilleure compr\u00e9hension de l\u2019int\u00e9gration de l\u2019acupuncture dans un cadre hospitalier moderne. Elle constitue aujourd\u2019hui un atout essentiel dans ma pratique, en renfor\u00e7ant \u00e0 la fois la pr\u00e9cision de mes gestes et la pertinence de mes choix th\u00e9rapeutiques.<\/span><\/p>\t\t\t\t\t\t\t\t<\/div>\n\t\t\t\t<\/div>\n\t\t\t\t<div class=\"elementor-element elementor-element-1ad59a8 elementor-widget elementor-widget-global elementor-global-116 elementor-widget-button\" data-id=\"1ad59a8\" data-element_type=\"widget\" data-e-type=\"widget\" data-widget_type=\"button.default\">\n\t\t\t\t<div class=\"elementor-widget-container\">\n\t\t\t\t\t\t\t\t\t<div class=\"elementor-button-wrapper\">\n\t\t\t\t\t<a class=\"elementor-button elementor-button-link elementor-size-sm\" href=\"https:\/\/shenpo.fr#contact\">\n\t\t\t\t\t\t<span class=\"elementor-button-content-wrapper\">\n\t\t\t\t\t\t<span class=\"elementor-button-icon\">\n\t\t\t\t<i aria-hidden=\"true\" class=\"fas fa-envelope\"><\/i>\t\t\t<\/span>\n\t\t\t\t\t\t\t\t\t<span class=\"elementor-button-text\">Nous contacter<\/span>\n\t\t\t\t\t<\/span>\n\t\t\t\t\t<\/a>\n\t\t\t\t<\/div>\n\t\t\t\t\t\t\t\t<\/div>\n\t\t\t\t<\/div>\n\t\t\t\t\t<\/div>\n\t\t\t\t<\/div>\n\t\t<div class=\"elementor-element elementor-element-ad1904f e-flex e-con-boxed elementor-invisible e-con e-child\" data-id=\"ad1904f\" data-element_type=\"container\" data-e-type=\"container\" data-settings=\"{&quot;animation&quot;:&quot;fadeIn&quot;,&quot;animation_delay&quot;:200}\">\n\t\t\t\t\t<div class=\"e-con-inner\">\n\t\t\t\t<div class=\"elementor-element elementor-element-c05c48e elementor-widget-tablet__width-inherit elementor-widget-mobile__width-inherit elementor-widget__width-inherit elementor-widget elementor-widget-image\" data-id=\"c05c48e\" data-element_type=\"widget\" data-e-type=\"widget\" data-widget_type=\"image.default\">\n\t\t\t\t<div class=\"elementor-widget-container\">\n\t\t\t\t\t\t\t\t\t\t\t\t\t\t\t<img decoding=\"async\" width=\"768\" height=\"1024\" src=\"https:\/\/shenpo.fr\/wp-content\/uploads\/2025\/09\/00015b88c4eb167a4ce9e4a8d6154823-768x1024.jpg\" class=\"attachment-large size-large wp-image-2330\" alt=\"\" srcset=\"https:\/\/shenpo.fr\/wp-content\/uploads\/2025\/09\/00015b88c4eb167a4ce9e4a8d6154823-768x1024.jpg 768w, https:\/\/shenpo.fr\/wp-content\/uploads\/2025\/09\/00015b88c4eb167a4ce9e4a8d6154823-225x300.jpg 225w, https:\/\/shenpo.fr\/wp-content\/uploads\/2025\/09\/00015b88c4eb167a4ce9e4a8d6154823.jpg 960w\" sizes=\"(max-width: 768px) 100vw, 768px\" \/>\t\t\t\t\t\t\t\t\t\t\t\t\t\t\t<\/div>\n\t\t\t\t<\/div>\n\t\t\t\t\t<\/div>\n\t\t\t\t<\/div>\n\t\t\t\t\t<\/div>\n\t\t\t\t<\/div>\n\t\t<div class=\"elementor-element elementor-element-d4a2a56 e-flex e-con-boxed e-con e-parent\" data-id=\"d4a2a56\" data-element_type=\"container\" data-e-type=\"container\">\n\t\t\t\t\t<div class=\"e-con-inner\">\n\t\t\t\t<div class=\"elementor-element elementor-element-a1f27ed elementor-arrows-position-inside elementor-widget elementor-widget-image-carousel\" data-id=\"a1f27ed\" data-element_type=\"widget\" data-e-type=\"widget\" data-settings=\"{&quot;navigation&quot;:&quot;arrows&quot;,&quot;autoplay&quot;:&quot;yes&quot;,&quot;pause_on_hover&quot;:&quot;yes&quot;,&quot;pause_on_interaction&quot;:&quot;yes&quot;,&quot;autoplay_speed&quot;:5000,&quot;infinite&quot;:&quot;yes&quot;,&quot;speed&quot;:500,&quot;image_spacing_custom&quot;:{&quot;unit&quot;:&quot;px&quot;,&quot;size&quot;:20,&quot;sizes&quot;:[]},&quot;image_spacing_custom_tablet&quot;:{&quot;unit&quot;:&quot;px&quot;,&quot;size&quot;:&quot;&quot;,&quot;sizes&quot;:[]},&quot;image_spacing_custom_mobile&quot;:{&quot;unit&quot;:&quot;px&quot;,&quot;size&quot;:&quot;&quot;,&quot;sizes&quot;:[]}}\" data-widget_type=\"image-carousel.default\">\n\t\t\t\t<div class=\"elementor-widget-container\">\n\t\t\t\t\t\t\t<div class=\"elementor-image-carousel-wrapper swiper\" role=\"region\" aria-roledescription=\"carousel\" aria-label=\"Carrousel d\u2019images\" dir=\"ltr\">\n\t\t\t<div class=\"elementor-image-carousel swiper-wrapper\" aria-live=\"off\">\n\t\t\t\t\t\t\t\t<div class=\"swiper-slide\" role=\"group\" aria-roledescription=\"slide\" aria-label=\"1 sur 7\"><figure class=\"swiper-slide-inner\"><img decoding=\"async\" class=\"swiper-slide-image\" src=\"https:\/\/shenpo.fr\/wp-content\/uploads\/2025\/09\/be2cfb348e752a7db588f175bec17dd2.jpg\" alt=\"be2cfb348e752a7db588f175bec17dd2\" \/><\/figure><\/div><div class=\"swiper-slide\" role=\"group\" aria-roledescription=\"slide\" aria-label=\"2 sur 7\"><figure class=\"swiper-slide-inner\"><img decoding=\"async\" class=\"swiper-slide-image\" src=\"https:\/\/shenpo.fr\/wp-content\/uploads\/2025\/09\/890ba2ede56fafa917777bef5310efcc.jpg\" alt=\"890ba2ede56fafa917777bef5310efcc\" \/><\/figure><\/div><div class=\"swiper-slide\" role=\"group\" aria-roledescription=\"slide\" aria-label=\"3 sur 7\"><figure class=\"swiper-slide-inner\"><img decoding=\"async\" class=\"swiper-slide-image\" src=\"https:\/\/shenpo.fr\/wp-content\/uploads\/2025\/09\/5ce311c9e64a47b37356da77429c74f3.jpg\" alt=\"5ce311c9e64a47b37356da77429c74f3\" \/><\/figure><\/div><div class=\"swiper-slide\" role=\"group\" aria-roledescription=\"slide\" aria-label=\"4 sur 7\"><figure class=\"swiper-slide-inner\"><img decoding=\"async\" class=\"swiper-slide-image\" src=\"https:\/\/shenpo.fr\/wp-content\/uploads\/2025\/09\/09d52e568280e24a4b556a7918a84dca.jpg\" alt=\"09d52e568280e24a4b556a7918a84dca\" \/><\/figure><\/div><div class=\"swiper-slide\" role=\"group\" aria-roledescription=\"slide\" aria-label=\"5 sur 7\"><figure class=\"swiper-slide-inner\"><img decoding=\"async\" class=\"swiper-slide-image\" src=\"https:\/\/shenpo.fr\/wp-content\/uploads\/2025\/09\/IMG_4304.png\" alt=\"IMG_4304\" \/><\/figure><\/div><div class=\"swiper-slide\" role=\"group\" aria-roledescription=\"slide\" aria-label=\"6 sur 7\"><figure class=\"swiper-slide-inner\"><img decoding=\"async\" class=\"swiper-slide-image\" src=\"https:\/\/shenpo.fr\/wp-content\/uploads\/2025\/09\/IMG_5654-scaled.jpg\" alt=\"IMG_5654\" \/><\/figure><\/div><div class=\"swiper-slide\" role=\"group\" aria-roledescription=\"slide\" aria-label=\"7 sur 7\"><figure class=\"swiper-slide-inner\"><img decoding=\"async\" class=\"swiper-slide-image\" src=\"https:\/\/shenpo.fr\/wp-content\/uploads\/2025\/09\/94a2a7fbfa7a6ea1bef5a5792db66b8e-scaled.jpg\" alt=\"94a2a7fbfa7a6ea1bef5a5792db66b8e\" \/><\/figure><\/div>\t\t\t<\/div>\n\t\t\t\t\t\t\t\t\t\t\t\t<div class=\"elementor-swiper-button elementor-swiper-button-prev\" role=\"button\" tabindex=\"0\">\n\t\t\t\t\t\t<i aria-hidden=\"true\" class=\"eicon-chevron-left\"><\/i>\t\t\t\t\t<\/div>\n\t\t\t\t\t<div class=\"elementor-swiper-button elementor-swiper-button-next\" role=\"button\" tabindex=\"0\">\n\t\t\t\t\t\t<i aria-hidden=\"true\" class=\"eicon-chevron-right\"><\/i>\t\t\t\t\t<\/div>\n\t\t\t\t\n\t\t\t\t\t\t\t\t\t<\/div>\n\t\t\t\t\t\t<\/div>\n\t\t\t\t<\/div>\n\t\t\t\t\t<\/div>\n\t\t\t\t<\/div>\n\t\t<div class=\"elementor-element elementor-element-b5e0371 e-flex e-con-boxed e-con e-parent\" data-id=\"b5e0371\" data-element_type=\"container\" data-e-type=\"container\">\n\t\t\t\t\t<div class=\"e-con-inner\">\n\t\t<div class=\"elementor-element elementor-element-d6fefa4 e-flex e-con-boxed elementor-invisible e-con e-child\" data-id=\"d6fefa4\" data-element_type=\"container\" data-e-type=\"container\" data-settings=\"{&quot;animation&quot;:&quot;fadeIn&quot;,&quot;animation_delay&quot;:200}\">\n\t\t\t\t\t<div class=\"e-con-inner\">\n\t\t\t\t<div class=\"elementor-element elementor-element-8b873fd elementor-widget elementor-widget-heading\" data-id=\"8b873fd\" data-element_type=\"widget\" data-e-type=\"widget\" data-widget_type=\"heading.default\">\n\t\t\t\t<div class=\"elementor-widget-container\">\n\t\t\t\t\t<h2 class=\"elementor-heading-title elementor-size-default\">Nous contacter<\/h2>\t\t\t\t<\/div>\n\t\t\t\t<\/div>\n\t\t\t\t\t<\/div>\n\t\t\t\t<\/div>\n\t\t<div class=\"elementor-element elementor-element-ebd62d6 e-flex e-con-boxed elementor-invisible e-con e-child\" data-id=\"ebd62d6\" data-element_type=\"container\" data-e-type=\"container\" data-settings=\"{&quot;animation&quot;:&quot;fadeIn&quot;,&quot;animation_delay&quot;:400}\">\n\t\t\t\t\t<div class=\"e-con-inner\">\n\t\t<div class=\"elementor-element elementor-element-8c8109d e-flex e-con-boxed e-con e-child\" data-id=\"8c8109d\" data-element_type=\"container\" data-e-type=\"container\">\n\t\t\t\t\t<div class=\"e-con-inner\">\n\t\t\t\t<div class=\"elementor-element elementor-element-63e3940 elementor-button-align-center elementor-widget__width-inherit elementor-widget elementor-widget-form\" data-id=\"63e3940\" data-element_type=\"widget\" data-e-type=\"widget\" data-settings=\"{&quot;step_next_label&quot;:&quot;Suivant&quot;,&quot;step_previous_label&quot;:&quot;Pr\\u00e9c\\u00e9dent&quot;,&quot;button_width&quot;:&quot;100&quot;,&quot;step_type&quot;:&quot;number_text&quot;,&quot;step_icon_shape&quot;:&quot;circle&quot;}\" data-widget_type=\"form.default\">\n\t\t\t\t<div class=\"elementor-widget-container\">\n\t\t\t\t\t\t\t<form class=\"elementor-form\" method=\"post\" name=\"Nouveau formulaire\" aria-label=\"Nouveau formulaire\" novalidate=\"\">\n\t\t\t<input type=\"hidden\" name=\"post_id\" value=\"2317\"\/>\n\t\t\t<input type=\"hidden\" name=\"form_id\" value=\"63e3940\"\/>\n\t\t\t<input type=\"hidden\" name=\"referer_title\" value=\"\" \/>\n\n\t\t\t\n\t\t\t<div class=\"elementor-form-fields-wrapper elementor-labels-above\">\n\t\t\t\t\t\t\t\t<div class=\"elementor-field-type-text elementor-field-group elementor-column elementor-field-group-name elementor-col-100\">\n\t\t\t\t\t\t\t\t\t\t\t\t\t<input size=\"1\" type=\"text\" name=\"form_fields[name]\" id=\"form-field-name\" class=\"elementor-field elementor-size-lg  elementor-field-textual\" placeholder=\"Nom\">\n\t\t\t\t\t\t\t\t\t\t\t<\/div>\n\t\t\t\t\t\t\t\t<div class=\"elementor-field-type-email elementor-field-group elementor-column elementor-field-group-email elementor-col-100 elementor-field-required\">\n\t\t\t\t\t\t\t\t\t\t\t\t\t<input size=\"1\" type=\"email\" name=\"form_fields[email]\" id=\"form-field-email\" class=\"elementor-field elementor-size-lg  elementor-field-textual\" placeholder=\"E-mail\" required=\"required\">\n\t\t\t\t\t\t\t\t\t\t\t<\/div>\n\t\t\t\t\t\t\t\t<div class=\"elementor-field-type-textarea elementor-field-group elementor-column elementor-field-group-message elementor-col-100\">\n\t\t\t\t\t<textarea class=\"elementor-field-textual elementor-field  elementor-size-lg\" name=\"form_fields[message]\" id=\"form-field-message\" rows=\"4\" placeholder=\"Message\"><\/textarea>\t\t\t\t<\/div>\n\t\t\t\t\t\t\t\t<div class=\"elementor-field-group elementor-column elementor-field-type-submit elementor-col-100 e-form__buttons\">\n\t\t\t\t\t<button class=\"elementor-button elementor-size-sm\" type=\"submit\">\n\t\t\t\t\t\t<span class=\"elementor-button-content-wrapper\">\n\t\t\t\t\t\t\t\t\t\t\t\t\t\t\t\t\t\t\t\t\t\t<span class=\"elementor-button-text\">Envoyer<\/span>\n\t\t\t\t\t\t\t\t\t\t\t\t\t<\/span>\n\t\t\t\t\t<\/button>\n\t\t\t\t<\/div>\n\t\t\t<\/div>\n\t\t<\/form>\n\t\t\t\t\t\t<\/div>\n\t\t\t\t<\/div>\n\t\t\t\t\t<\/div>\n\t\t\t\t<\/div>\n\t\t\t\t\t<\/div>\n\t\t\t\t<\/div>\n\t\t\t\t\t<\/div>\n\t\t\t\t<\/div>\n\t\t\t\t<\/div>\n\t\t","protected":false},"excerpt":{"rendered":"<p>Contactez-moi Immersion clinique en Chine Immersion clinique en Chine Dans le cadre de mon perfectionnement en acupuncture, j\u2019ai suivi une formation clinique intensive au sein de l&rsquo;h\u00f4pital de Xiamen en Chine, lieu de r\u00e9f\u00e9rence pour la pratique de la m\u00e9decine traditionnelle chinoise (MTC). Ce stage m\u2019a permis de consolider mes comp\u00e9tences en acupuncture gr\u00e2ce \u00e0 [&hellip;]<\/p>\n","protected":false},"author":1,"featured_media":0,"parent":0,"menu_order":0,"comment_status":"closed","ping_status":"closed","template":"elementor_header_footer","meta":{"footnotes":""},"class_list":["post-2317","page","type-page","status-publish","hentry"],"_links":{"self":[{"href":"https:\/\/shenpo.fr\/index.php?rest_route=\/wp\/v2\/pages\/2317","targetHints":{"allow":["GET"]}}],"collection":[{"href":"https:\/\/shenpo.fr\/index.php?rest_route=\/wp\/v2\/pages"}],"about":[{"href":"https:\/\/shenpo.fr\/index.php?rest_route=\/wp\/v2\/types\/page"}],"author":[{"embeddable":true,"href":"https:\/\/shenpo.fr\/index.php?rest_route=\/wp\/v2\/users\/1"}],"replies":[{"embeddable":true,"href":"https:\/\/shenpo.fr\/index.php?rest_route=%2Fwp%2Fv2%2Fcomments&post=2317"}],"version-history":[{"count":13,"href":"https:\/\/shenpo.fr\/index.php?rest_route=\/wp\/v2\/pages\/2317\/revisions"}],"predecessor-version":[{"id":2343,"href":"https:\/\/shenpo.fr\/index.php?rest_route=\/wp\/v2\/pages\/2317\/revisions\/2343"}],"wp:attachment":[{"href":"https:\/\/shenpo.fr\/index.php?rest_route=%2Fwp%2Fv2%2Fmedia&parent=2317"}],"curies":[{"name":"wp","href":"https:\/\/api.w.org\/{rel}","templated":true}]}}