{"id":2297,"date":"2025-08-27T11:59:15","date_gmt":"2025-08-27T11:59:15","guid":{"rendered":"https:\/\/shenpo.fr\/?page_id=2297"},"modified":"2025-09-09T12:48:13","modified_gmt":"2025-09-09T12:48:13","slug":"aculifting","status":"publish","type":"page","link":"https:\/\/shenpo.fr\/?page_id=2297","title":{"rendered":"Aculifting"},"content":{"rendered":"\t\t<div data-elementor-type=\"wp-page\" data-elementor-id=\"2297\" class=\"elementor elementor-2297\" data-elementor-post-type=\"page\">\n\t\t\t\t<div class=\"elementor-element elementor-element-3fede5c e-flex e-con-boxed e-con e-parent\" data-id=\"3fede5c\" data-element_type=\"container\" data-e-type=\"container\" data-settings=\"{&quot;background_background&quot;:&quot;classic&quot;}\">\n\t\t\t\t\t<div class=\"e-con-inner\">\n\t\t<div class=\"elementor-element elementor-element-9656ec5 e-flex e-con-boxed e-con e-child\" data-id=\"9656ec5\" data-element_type=\"container\" data-e-type=\"container\">\n\t\t\t\t\t<div class=\"e-con-inner\">\n\t\t\t\t<div class=\"elementor-element elementor-element-25504fc elementor-widget elementor-widget-image\" data-id=\"25504fc\" data-element_type=\"widget\" data-e-type=\"widget\" data-widget_type=\"image.default\">\n\t\t\t\t<div class=\"elementor-widget-container\">\n\t\t\t\t\t\t\t\t\t\t\t\t\t\t\t\t<a href=\"https:\/\/shenpo.fr\/\">\n\t\t\t\t\t\t\t<img fetchpriority=\"high\" decoding=\"async\" width=\"500\" height=\"500\" src=\"https:\/\/shenpo.fr\/wp-content\/uploads\/2023\/12\/logoshen-1.png\" class=\"attachment-large size-large wp-image-1903\" alt=\"\" srcset=\"https:\/\/shenpo.fr\/wp-content\/uploads\/2023\/12\/logoshen-1.png 500w, https:\/\/shenpo.fr\/wp-content\/uploads\/2023\/12\/logoshen-1-300x300.png 300w, https:\/\/shenpo.fr\/wp-content\/uploads\/2023\/12\/logoshen-1-150x150.png 150w, https:\/\/shenpo.fr\/wp-content\/uploads\/2023\/12\/elementor\/thumbs\/logoshen-1-qh4prk4vuco5s4x0c9y0l573c36w2xb0g2qwoz5pbo.png 50w, https:\/\/shenpo.fr\/wp-content\/uploads\/2023\/12\/elementor\/thumbs\/logoshen-1-qh4prk4vh718aqgw0lonybjl0vxehecaojdcuk0jbc.png 20w\" sizes=\"(max-width: 500px) 100vw, 500px\" \/>\t\t\t\t\t\t\t\t<\/a>\n\t\t\t\t\t\t\t\t\t\t\t\t\t\t\t<\/div>\n\t\t\t\t<\/div>\n\t\t\t\t<div class=\"elementor-element elementor-element-d33102c elementor-nav-menu--stretch elementor-widget-mobile__width-initial elementor-nav-menu--dropdown-tablet elementor-nav-menu__text-align-aside elementor-nav-menu--toggle elementor-nav-menu--burger elementor-widget elementor-widget-nav-menu\" data-id=\"d33102c\" data-element_type=\"widget\" data-e-type=\"widget\" data-settings=\"{&quot;full_width&quot;:&quot;stretch&quot;,&quot;layout&quot;:&quot;horizontal&quot;,&quot;submenu_icon&quot;:{&quot;value&quot;:&quot;&lt;i class=\\&quot;fas fa-caret-down\\&quot; aria-hidden=\\&quot;true\\&quot;&gt;&lt;\\\/i&gt;&quot;,&quot;library&quot;:&quot;fa-solid&quot;},&quot;toggle&quot;:&quot;burger&quot;}\" data-widget_type=\"nav-menu.default\">\n\t\t\t\t<div class=\"elementor-widget-container\">\n\t\t\t\t\t\t\t\t<nav aria-label=\"Menu\" class=\"elementor-nav-menu--main elementor-nav-menu__container elementor-nav-menu--layout-horizontal e--pointer-none\">\n\t\t\t\t<ul id=\"menu-1-d33102c\" class=\"elementor-nav-menu\"><li class=\"menu-item menu-item-type-post_type menu-item-object-page menu-item-home menu-item-83\"><a href=\"https:\/\/shenpo.fr\/\" class=\"elementor-item\">Accueil<\/a><\/li>\n<li class=\"menu-item menu-item-type-post_type menu-item-object-page menu-item-1187\"><a href=\"https:\/\/shenpo.fr\/?page_id=1180\" class=\"elementor-item\">A Propos<\/a><\/li>\n<li class=\"menu-item menu-item-type-custom menu-item-object-custom menu-item-has-children menu-item-1133\"><a href=\"#\" class=\"elementor-item elementor-item-anchor\">Mes services<\/a>\n<ul class=\"sub-menu elementor-nav-menu--dropdown\">\n\t<li class=\"menu-item menu-item-type-post_type menu-item-object-page menu-item-1322\"><a href=\"https:\/\/shenpo.fr\/?page_id=1308\" class=\"elementor-sub-item\">M\u00e9decine chinoise<\/a><\/li>\n\t<li class=\"menu-item menu-item-type-post_type menu-item-object-page menu-item-1324\"><a href=\"https:\/\/shenpo.fr\/?page_id=1306\" class=\"elementor-sub-item\">Tuina &#8211; Massage \u00c9nerg\u00e9tique<\/a><\/li>\n\t<li class=\"menu-item menu-item-type-post_type menu-item-object-page menu-item-2118\"><a href=\"https:\/\/shenpo.fr\/?page_id=2116\" class=\"elementor-sub-item\">Ventouses et soin cellulite<\/a><\/li>\n\t<li class=\"menu-item menu-item-type-post_type menu-item-object-page menu-item-1323\"><a href=\"https:\/\/shenpo.fr\/?page_id=1307\" class=\"elementor-sub-item\">Soins bambous<\/a><\/li>\n\t<li class=\"menu-item menu-item-type-post_type menu-item-object-page menu-item-1426\"><a href=\"https:\/\/shenpo.fr\/?page_id=1424\" class=\"elementor-sub-item\">La femme enceinte<\/a><\/li>\n\t<li class=\"menu-item menu-item-type-post_type menu-item-object-page menu-item-1427\"><a href=\"https:\/\/shenpo.fr\/?page_id=1418\" class=\"elementor-sub-item\">Ateliers<\/a><\/li>\n\t<li class=\"menu-item menu-item-type-post_type menu-item-object-page menu-item-2316\"><a href=\"https:\/\/shenpo.fr\/?page_id=2297\" class=\"elementor-sub-item\">Aculifting<\/a><\/li>\n<\/ul>\n<\/li>\n<li class=\"menu-item menu-item-type-post_type menu-item-object-page menu-item-1699\"><a href=\"https:\/\/shenpo.fr\/?page_id=1697\" class=\"elementor-item\">M\u00e9moire cellulaire<\/a><\/li>\n<li class=\"menu-item menu-item-type-post_type menu-item-object-page menu-item-1428\"><a href=\"https:\/\/shenpo.fr\/?page_id=1410\" class=\"elementor-item\">Entreprise<\/a><\/li>\n<li class=\"menu-item menu-item-type-post_type menu-item-object-page menu-item-2325\"><a href=\"https:\/\/shenpo.fr\/?page_id=2317\" class=\"elementor-item\">Immersion<\/a><\/li>\n<li class=\"menu-item menu-item-type-post_type menu-item-object-page menu-item-1608\"><a href=\"https:\/\/shenpo.fr\/?page_id=1606\" class=\"elementor-item\">D\u00e9ontologie et hygi\u00e8ne<\/a><\/li>\n<\/ul>\t\t\t<\/nav>\n\t\t\t\t\t<div class=\"elementor-menu-toggle\" role=\"button\" tabindex=\"0\" aria-label=\"Permuter le menu\" aria-expanded=\"false\">\n\t\t\t<i aria-hidden=\"true\" role=\"presentation\" class=\"elementor-menu-toggle__icon--open eicon-menu-bar\"><\/i><i aria-hidden=\"true\" role=\"presentation\" class=\"elementor-menu-toggle__icon--close eicon-close\"><\/i>\t\t<\/div>\n\t\t\t\t\t<nav class=\"elementor-nav-menu--dropdown elementor-nav-menu__container\" aria-hidden=\"true\">\n\t\t\t\t<ul id=\"menu-2-d33102c\" class=\"elementor-nav-menu\"><li class=\"menu-item menu-item-type-post_type menu-item-object-page menu-item-home menu-item-83\"><a href=\"https:\/\/shenpo.fr\/\" class=\"elementor-item\" tabindex=\"-1\">Accueil<\/a><\/li>\n<li class=\"menu-item menu-item-type-post_type menu-item-object-page menu-item-1187\"><a href=\"https:\/\/shenpo.fr\/?page_id=1180\" class=\"elementor-item\" tabindex=\"-1\">A Propos<\/a><\/li>\n<li class=\"menu-item menu-item-type-custom menu-item-object-custom menu-item-has-children menu-item-1133\"><a href=\"#\" class=\"elementor-item elementor-item-anchor\" tabindex=\"-1\">Mes services<\/a>\n<ul class=\"sub-menu elementor-nav-menu--dropdown\">\n\t<li class=\"menu-item menu-item-type-post_type menu-item-object-page menu-item-1322\"><a href=\"https:\/\/shenpo.fr\/?page_id=1308\" class=\"elementor-sub-item\" tabindex=\"-1\">M\u00e9decine chinoise<\/a><\/li>\n\t<li class=\"menu-item menu-item-type-post_type menu-item-object-page menu-item-1324\"><a href=\"https:\/\/shenpo.fr\/?page_id=1306\" class=\"elementor-sub-item\" tabindex=\"-1\">Tuina &#8211; Massage \u00c9nerg\u00e9tique<\/a><\/li>\n\t<li class=\"menu-item menu-item-type-post_type menu-item-object-page menu-item-2118\"><a href=\"https:\/\/shenpo.fr\/?page_id=2116\" class=\"elementor-sub-item\" tabindex=\"-1\">Ventouses et soin cellulite<\/a><\/li>\n\t<li class=\"menu-item menu-item-type-post_type menu-item-object-page menu-item-1323\"><a href=\"https:\/\/shenpo.fr\/?page_id=1307\" class=\"elementor-sub-item\" tabindex=\"-1\">Soins bambous<\/a><\/li>\n\t<li class=\"menu-item menu-item-type-post_type menu-item-object-page menu-item-1426\"><a href=\"https:\/\/shenpo.fr\/?page_id=1424\" class=\"elementor-sub-item\" tabindex=\"-1\">La femme enceinte<\/a><\/li>\n\t<li class=\"menu-item menu-item-type-post_type menu-item-object-page menu-item-1427\"><a href=\"https:\/\/shenpo.fr\/?page_id=1418\" class=\"elementor-sub-item\" tabindex=\"-1\">Ateliers<\/a><\/li>\n\t<li class=\"menu-item menu-item-type-post_type menu-item-object-page menu-item-2316\"><a href=\"https:\/\/shenpo.fr\/?page_id=2297\" class=\"elementor-sub-item\" tabindex=\"-1\">Aculifting<\/a><\/li>\n<\/ul>\n<\/li>\n<li class=\"menu-item menu-item-type-post_type menu-item-object-page menu-item-1699\"><a href=\"https:\/\/shenpo.fr\/?page_id=1697\" class=\"elementor-item\" tabindex=\"-1\">M\u00e9moire cellulaire<\/a><\/li>\n<li class=\"menu-item menu-item-type-post_type menu-item-object-page menu-item-1428\"><a href=\"https:\/\/shenpo.fr\/?page_id=1410\" class=\"elementor-item\" tabindex=\"-1\">Entreprise<\/a><\/li>\n<li class=\"menu-item menu-item-type-post_type menu-item-object-page menu-item-2325\"><a href=\"https:\/\/shenpo.fr\/?page_id=2317\" class=\"elementor-item\" tabindex=\"-1\">Immersion<\/a><\/li>\n<li class=\"menu-item menu-item-type-post_type menu-item-object-page menu-item-1608\"><a href=\"https:\/\/shenpo.fr\/?page_id=1606\" class=\"elementor-item\" tabindex=\"-1\">D\u00e9ontologie et hygi\u00e8ne<\/a><\/li>\n<\/ul>\t\t\t<\/nav>\n\t\t\t\t\t\t<\/div>\n\t\t\t\t<\/div>\n\t\t\t\t<div class=\"elementor-element elementor-element-02ce13e elementor-hidden-mobile elementor-widget elementor-widget-button\" data-id=\"02ce13e\" data-element_type=\"widget\" data-e-type=\"widget\" data-widget_type=\"button.default\">\n\t\t\t\t<div class=\"elementor-widget-container\">\n\t\t\t\t\t\t\t\t\t<div class=\"elementor-button-wrapper\">\n\t\t\t\t\t<a class=\"elementor-button elementor-button-link elementor-size-sm\" href=\"http:\/\/Shenpo.fr\/#contact\">\n\t\t\t\t\t\t<span class=\"elementor-button-content-wrapper\">\n\t\t\t\t\t\t<span class=\"elementor-button-icon\">\n\t\t\t\t<i aria-hidden=\"true\" class=\"far fa-envelope-open\"><\/i>\t\t\t<\/span>\n\t\t\t\t\t\t\t\t\t<span class=\"elementor-button-text\">Contactez-moi<\/span>\n\t\t\t\t\t<\/span>\n\t\t\t\t\t<\/a>\n\t\t\t\t<\/div>\n\t\t\t\t\t\t\t\t<\/div>\n\t\t\t\t<\/div>\n\t\t\t\t\t<\/div>\n\t\t\t\t<\/div>\n\t\t<div class=\"elementor-element elementor-element-afac6d8 e-flex e-con-boxed e-con e-child\" data-id=\"afac6d8\" data-element_type=\"container\" data-e-type=\"container\">\n\t\t\t\t\t<div class=\"e-con-inner\">\n\t\t<div class=\"elementor-element elementor-element-be0bb94 e-con-full e-flex elementor-invisible e-con e-child\" data-id=\"be0bb94\" data-element_type=\"container\" data-e-type=\"container\" data-settings=\"{&quot;animation&quot;:&quot;fadeInLeft&quot;,&quot;animation_delay&quot;:800}\">\n\t\t\t\t<div class=\"elementor-element elementor-element-a70a796 elementor-widget elementor-widget-heading\" data-id=\"a70a796\" data-element_type=\"widget\" data-e-type=\"widget\" data-widget_type=\"heading.default\">\n\t\t\t\t<div class=\"elementor-widget-container\">\n\t\t\t\t\t<h1 class=\"elementor-heading-title elementor-size-default\">Aculifting<br>Traitement de beaut\u00e9<\/h1>\t\t\t\t<\/div>\n\t\t\t\t<\/div>\n\t\t\t\t<\/div>\n\t\t\t\t\t<\/div>\n\t\t\t\t<\/div>\n\t\t\t\t\t<\/div>\n\t\t\t\t<\/div>\n\t\t<div class=\"elementor-element elementor-element-d2b91f9 e-flex e-con-boxed e-con e-parent\" data-id=\"d2b91f9\" data-element_type=\"container\" data-e-type=\"container\">\n\t\t\t\t\t<div class=\"e-con-inner\">\n\t\t<div class=\"elementor-element elementor-element-f6f3f7e e-con-full e-flex elementor-invisible e-con e-child\" data-id=\"f6f3f7e\" data-element_type=\"container\" data-e-type=\"container\" data-settings=\"{&quot;animation&quot;:&quot;fadeIn&quot;,&quot;animation_delay&quot;:200}\">\n\t\t<div class=\"elementor-element elementor-element-1d0319b e-con-full e-flex e-con e-child\" data-id=\"1d0319b\" data-element_type=\"container\" data-e-type=\"container\">\n\t\t\t\t<div class=\"elementor-element elementor-element-b8dfc0b elementor-widget elementor-widget-image\" data-id=\"b8dfc0b\" data-element_type=\"widget\" data-e-type=\"widget\" data-widget_type=\"image.default\">\n\t\t\t\t<div class=\"elementor-widget-container\">\n\t\t\t\t\t\t\t\t\t\t\t\t\t\t\t<img decoding=\"async\" width=\"800\" height=\"533\" src=\"https:\/\/shenpo.fr\/wp-content\/uploads\/2025\/09\/acu-lifting.jpg\" class=\"attachment-large size-large wp-image-2310\" alt=\"\" srcset=\"https:\/\/shenpo.fr\/wp-content\/uploads\/2025\/09\/acu-lifting.jpg 800w, https:\/\/shenpo.fr\/wp-content\/uploads\/2025\/09\/acu-lifting-300x200.jpg 300w, https:\/\/shenpo.fr\/wp-content\/uploads\/2025\/09\/acu-lifting-768x512.jpg 768w\" sizes=\"(max-width: 800px) 100vw, 800px\" \/>\t\t\t\t\t\t\t\t\t\t\t\t\t\t\t<\/div>\n\t\t\t\t<\/div>\n\t\t<div class=\"elementor-element elementor-element-4027182 e-con-full e-flex e-con e-child\" data-id=\"4027182\" data-element_type=\"container\" data-e-type=\"container\">\n\t\t\t\t<div class=\"elementor-element elementor-element-15e7a1c elementor-widget elementor-widget-heading\" data-id=\"15e7a1c\" data-element_type=\"widget\" data-e-type=\"widget\" data-widget_type=\"heading.default\">\n\t\t\t\t<div class=\"elementor-widget-container\">\n\t\t\t\t\t<h3 class=\"elementor-heading-title elementor-size-default\">Rituel de pr\u00e9paration du visage\n<\/h3>\t\t\t\t<\/div>\n\t\t\t\t<\/div>\n\t\t\t\t<div class=\"elementor-element elementor-element-34b5d17 elementor-widget elementor-widget-text-editor\" data-id=\"34b5d17\" data-element_type=\"widget\" data-e-type=\"widget\" data-widget_type=\"text-editor.default\">\n\t\t\t\t<div class=\"elementor-widget-container\">\n\t\t\t\t\t\t\t\t\t<p data-start=\"377\" data-end=\"575\">Des produits de qualit\u00e9 sup\u00e9rieure et des techniques expertes de lissage doux se combinent pour vous offrir une peau \u00e9clatante, nourrie et pleine de vitalit\u00e9.<\/p>\t\t\t\t\t\t\t\t<\/div>\n\t\t\t\t<\/div>\n\t\t\t\t<\/div>\n\t\t\t\t<\/div>\n\t\t<div class=\"elementor-element elementor-element-c6dfcb1 e-con-full e-flex e-con e-child\" data-id=\"c6dfcb1\" data-element_type=\"container\" data-e-type=\"container\">\n\t\t\t\t<div class=\"elementor-element elementor-element-f5de416 elementor-widget elementor-widget-image\" data-id=\"f5de416\" data-element_type=\"widget\" data-e-type=\"widget\" data-widget_type=\"image.default\">\n\t\t\t\t<div class=\"elementor-widget-container\">\n\t\t\t\t\t\t\t\t\t\t\t\t\t\t\t<img decoding=\"async\" width=\"800\" height=\"534\" src=\"https:\/\/shenpo.fr\/wp-content\/uploads\/2025\/09\/acup-1024x683-1.jpeg\" class=\"attachment-large size-large wp-image-2312\" alt=\"\" srcset=\"https:\/\/shenpo.fr\/wp-content\/uploads\/2025\/09\/acup-1024x683-1.jpeg 1024w, https:\/\/shenpo.fr\/wp-content\/uploads\/2025\/09\/acup-1024x683-1-300x200.jpeg 300w, https:\/\/shenpo.fr\/wp-content\/uploads\/2025\/09\/acup-1024x683-1-768x512.jpeg 768w\" sizes=\"(max-width: 800px) 100vw, 800px\" \/>\t\t\t\t\t\t\t\t\t\t\t\t\t\t\t<\/div>\n\t\t\t\t<\/div>\n\t\t<div class=\"elementor-element elementor-element-693e850 e-con-full e-flex e-con e-child\" data-id=\"693e850\" data-element_type=\"container\" data-e-type=\"container\">\n\t\t\t\t<div class=\"elementor-element elementor-element-122bc75 elementor-widget elementor-widget-heading\" data-id=\"122bc75\" data-element_type=\"widget\" data-e-type=\"widget\" data-widget_type=\"heading.default\">\n\t\t\t\t<div class=\"elementor-widget-container\">\n\t\t\t\t\t<h3 class=\"elementor-heading-title elementor-size-default\">Lecture du visage : Diagnostic<\/h3>\t\t\t\t<\/div>\n\t\t\t\t<\/div>\n\t\t\t\t<div class=\"elementor-element elementor-element-e350053 elementor-widget elementor-widget-text-editor\" data-id=\"e350053\" data-element_type=\"widget\" data-e-type=\"widget\" data-widget_type=\"text-editor.default\">\n\t\t\t\t<div class=\"elementor-widget-container\">\n\t\t\t\t\t\t\t\t\tReflet de l\u2019esprit et de la vitalit\u00e9, il est \u00e9tudi\u00e9 selon les principes de la m\u00e9decine chinoise.\nUn traitement de fond est appliqu\u00e9.\t\t\t\t\t\t\t\t<\/div>\n\t\t\t\t<\/div>\n\t\t\t\t<\/div>\n\t\t\t\t<\/div>\n\t\t<div class=\"elementor-element elementor-element-f0b4f34 e-con-full e-flex e-con e-child\" data-id=\"f0b4f34\" data-element_type=\"container\" data-e-type=\"container\">\n\t\t\t\t<div class=\"elementor-element elementor-element-a291c5c elementor-widget elementor-widget-image\" data-id=\"a291c5c\" data-element_type=\"widget\" data-e-type=\"widget\" data-widget_type=\"image.default\">\n\t\t\t\t<div class=\"elementor-widget-container\">\n\t\t\t\t\t\t\t\t\t\t\t\t\t\t\t<img loading=\"lazy\" decoding=\"async\" width=\"800\" height=\"450\" src=\"https:\/\/shenpo.fr\/wp-content\/uploads\/2025\/09\/aculifting-anti-age.avif\" class=\"attachment-large size-large wp-image-2311\" alt=\"\" srcset=\"https:\/\/shenpo.fr\/wp-content\/uploads\/2025\/09\/aculifting-anti-age.avif 890w, https:\/\/shenpo.fr\/wp-content\/uploads\/2025\/09\/aculifting-anti-age-300x169.jpg 300w, https:\/\/shenpo.fr\/wp-content\/uploads\/2025\/09\/aculifting-anti-age-768x432.jpg 768w\" sizes=\"(max-width: 800px) 100vw, 800px\" \/>\t\t\t\t\t\t\t\t\t\t\t\t\t\t\t<\/div>\n\t\t\t\t<\/div>\n\t\t<div class=\"elementor-element elementor-element-0f0800b e-con-full e-flex e-con e-child\" data-id=\"0f0800b\" data-element_type=\"container\" data-e-type=\"container\">\n\t\t\t\t<div class=\"elementor-element elementor-element-e86f1e8 elementor-widget elementor-widget-heading\" data-id=\"e86f1e8\" data-element_type=\"widget\" data-e-type=\"widget\" data-widget_type=\"heading.default\">\n\t\t\t\t<div class=\"elementor-widget-container\">\n\t\t\t\t\t<h3 class=\"elementor-heading-title elementor-size-default\">Bien-\u00eatre holistique<\/h3>\t\t\t\t<\/div>\n\t\t\t\t<\/div>\n\t\t\t\t<div class=\"elementor-element elementor-element-cc8b725 elementor-widget elementor-widget-text-editor\" data-id=\"cc8b725\" data-element_type=\"widget\" data-e-type=\"widget\" data-widget_type=\"text-editor.default\">\n\t\t\t\t<div class=\"elementor-widget-container\">\n\t\t\t\t\t\t\t\t\tPlongez dans l\u2019harmonie totale avec nos soins holistiques qui \u00e9quilibrent votre esprit, votre corps et votre \u00e2me.\nUne exp\u00e9rience profonde de relaxation et de gu\u00e9rison.\t\t\t\t\t\t\t\t<\/div>\n\t\t\t\t<\/div>\n\t\t\t\t<\/div>\n\t\t\t\t<\/div>\n\t\t\t\t<\/div>\n\t\t<div class=\"elementor-element elementor-element-b07f417 e-flex e-con-boxed elementor-invisible e-con e-child\" data-id=\"b07f417\" data-element_type=\"container\" data-e-type=\"container\" data-settings=\"{&quot;animation&quot;:&quot;fadeIn&quot;,&quot;animation_delay&quot;:600}\">\n\t\t\t\t\t<div class=\"e-con-inner\">\n\t\t\t\t<div class=\"elementor-element elementor-element-43a73a4 elementor-widget elementor-widget-heading\" data-id=\"43a73a4\" data-element_type=\"widget\" data-e-type=\"widget\" data-widget_type=\"heading.default\">\n\t\t\t\t<div class=\"elementor-widget-container\">\n\t\t\t\t\t<h2 class=\"elementor-heading-title elementor-size-default\">D\u00e9couvrez comment bien vieillir et cultiver votre sante avec la m\u00e9decine chinoise<\/h2>\t\t\t\t<\/div>\n\t\t\t\t<\/div>\n\t\t<div class=\"elementor-element elementor-element-b53c862 e-con-full e-flex e-con e-child\" data-id=\"b53c862\" data-element_type=\"container\" data-e-type=\"container\">\n\t\t\t\t<div class=\"elementor-element elementor-element-af08999 elementor-widget elementor-widget-heading\" data-id=\"af08999\" data-element_type=\"widget\" data-e-type=\"widget\" data-widget_type=\"heading.default\">\n\t\t\t\t<div class=\"elementor-widget-container\">\n\t\t\t\t\t<h2 class=\"elementor-heading-title elementor-size-default\">240 \u20ac <\/h2>\t\t\t\t<\/div>\n\t\t\t\t<\/div>\n\t\t\t\t<div class=\"elementor-element elementor-element-15f4b4c elementor-widget elementor-widget-heading\" data-id=\"15f4b4c\" data-element_type=\"widget\" data-e-type=\"widget\" data-widget_type=\"heading.default\">\n\t\t\t\t<div class=\"elementor-widget-container\">\n\t\t\t\t\t<h5 class=\"elementor-heading-title elementor-size-default\">(pour 3 s\u00e9ances)<\/h5>\t\t\t\t<\/div>\n\t\t\t\t<\/div>\n\t\t\t\t<\/div>\n\t\t\t\t<div class=\"elementor-element elementor-element-fd6e334 elementor-widget elementor-widget-text-editor\" data-id=\"fd6e334\" data-element_type=\"widget\" data-e-type=\"widget\" data-widget_type=\"text-editor.default\">\n\t\t\t\t<div class=\"elementor-widget-container\">\n\t\t\t\t\t\t\t\t\t<p>Comprendre ce que les rides du visage ont \u00e0 nous raconter. Apprenez comment cette approche globale peut vous aider \u00e0 atteindre un \u00e9tat de bien-\u00eatre optimal.<\/p>\t\t\t\t\t\t\t\t<\/div>\n\t\t\t\t<\/div>\n\t\t\t\t\t<\/div>\n\t\t\t\t<\/div>\n\t\t\t\t\t<\/div>\n\t\t\t\t<\/div>\n\t\t\t\t<\/div>\n\t\t","protected":false},"excerpt":{"rendered":"<p>Contactez-moi AculiftingTraitement de beaut\u00e9 Rituel de pr\u00e9paration du visage Des produits de qualit\u00e9 sup\u00e9rieure et des techniques expertes de lissage doux se combinent pour vous offrir une peau \u00e9clatante, nourrie et pleine de vitalit\u00e9. Lecture du visage : Diagnostic Reflet de l\u2019esprit et de la vitalit\u00e9, il est \u00e9tudi\u00e9 selon les principes de la m\u00e9decine [&hellip;]<\/p>\n","protected":false},"author":1,"featured_media":0,"parent":0,"menu_order":0,"comment_status":"closed","ping_status":"closed","template":"elementor_header_footer","meta":{"footnotes":""},"class_list":["post-2297","page","type-page","status-publish","hentry"],"_links":{"self":[{"href":"https:\/\/shenpo.fr\/index.php?rest_route=\/wp\/v2\/pages\/2297","targetHints":{"allow":["GET"]}}],"collection":[{"href":"https:\/\/shenpo.fr\/index.php?rest_route=\/wp\/v2\/pages"}],"about":[{"href":"https:\/\/shenpo.fr\/index.php?rest_route=\/wp\/v2\/types\/page"}],"author":[{"embeddable":true,"href":"https:\/\/shenpo.fr\/index.php?rest_route=\/wp\/v2\/users\/1"}],"replies":[{"embeddable":true,"href":"https:\/\/shenpo.fr\/index.php?rest_route=%2Fwp%2Fv2%2Fcomments&post=2297"}],"version-history":[{"count":22,"href":"https:\/\/shenpo.fr\/index.php?rest_route=\/wp\/v2\/pages\/2297\/revisions"}],"predecessor-version":[{"id":2352,"href":"https:\/\/shenpo.fr\/index.php?rest_route=\/wp\/v2\/pages\/2297\/revisions\/2352"}],"wp:attachment":[{"href":"https:\/\/shenpo.fr\/index.php?rest_route=%2Fwp%2Fv2%2Fmedia&parent=2297"}],"curies":[{"name":"wp","href":"https:\/\/api.w.org\/{rel}","templated":true}]}}