{"id":1308,"date":"2023-09-12T08:53:02","date_gmt":"2023-09-12T08:53:02","guid":{"rendered":"https:\/\/shenpo.fr\/?page_id=1308"},"modified":"2024-01-12T09:15:15","modified_gmt":"2024-01-12T09:15:15","slug":"medecine-chinoise","status":"publish","type":"page","link":"https:\/\/shenpo.fr\/?page_id=1308","title":{"rendered":"M\u00e9decine chinoise"},"content":{"rendered":"\t\t<div data-elementor-type=\"wp-page\" data-elementor-id=\"1308\" class=\"elementor elementor-1308\" data-elementor-post-type=\"page\">\n\t\t\t\t<div class=\"elementor-element elementor-element-3fede5c e-flex e-con-boxed e-con e-parent\" data-id=\"3fede5c\" data-element_type=\"container\" data-e-type=\"container\" data-settings=\"{&quot;background_background&quot;:&quot;classic&quot;}\">\n\t\t\t\t\t<div class=\"e-con-inner\">\n\t\t<div class=\"elementor-element elementor-element-9656ec5 e-flex e-con-boxed e-con e-child\" data-id=\"9656ec5\" data-element_type=\"container\" data-e-type=\"container\">\n\t\t\t\t\t<div class=\"e-con-inner\">\n\t\t\t\t<div class=\"elementor-element elementor-element-25504fc elementor-widget elementor-widget-image\" data-id=\"25504fc\" data-element_type=\"widget\" data-e-type=\"widget\" data-widget_type=\"image.default\">\n\t\t\t\t<div class=\"elementor-widget-container\">\n\t\t\t\t\t\t\t\t\t\t\t\t\t\t\t\t<a href=\"https:\/\/shenpo.fr\/\">\n\t\t\t\t\t\t\t<img fetchpriority=\"high\" decoding=\"async\" width=\"500\" height=\"500\" src=\"https:\/\/shenpo.fr\/wp-content\/uploads\/2023\/12\/logoshen-1.png\" class=\"attachment-large size-large wp-image-1903\" alt=\"\" srcset=\"https:\/\/shenpo.fr\/wp-content\/uploads\/2023\/12\/logoshen-1.png 500w, https:\/\/shenpo.fr\/wp-content\/uploads\/2023\/12\/logoshen-1-300x300.png 300w, https:\/\/shenpo.fr\/wp-content\/uploads\/2023\/12\/logoshen-1-150x150.png 150w, https:\/\/shenpo.fr\/wp-content\/uploads\/2023\/12\/elementor\/thumbs\/logoshen-1-qh4prk4vuco5s4x0c9y0l573c36w2xb0g2qwoz5pbo.png 50w, https:\/\/shenpo.fr\/wp-content\/uploads\/2023\/12\/elementor\/thumbs\/logoshen-1-qh4prk4vh718aqgw0lonybjl0vxehecaojdcuk0jbc.png 20w\" sizes=\"(max-width: 500px) 100vw, 500px\" \/>\t\t\t\t\t\t\t\t<\/a>\n\t\t\t\t\t\t\t\t\t\t\t\t\t\t\t<\/div>\n\t\t\t\t<\/div>\n\t\t\t\t<div class=\"elementor-element elementor-element-d33102c elementor-nav-menu--stretch elementor-widget-mobile__width-initial elementor-nav-menu--dropdown-tablet elementor-nav-menu__text-align-aside elementor-nav-menu--toggle elementor-nav-menu--burger elementor-widget elementor-widget-nav-menu\" data-id=\"d33102c\" data-element_type=\"widget\" data-e-type=\"widget\" data-settings=\"{&quot;full_width&quot;:&quot;stretch&quot;,&quot;layout&quot;:&quot;horizontal&quot;,&quot;submenu_icon&quot;:{&quot;value&quot;:&quot;&lt;i class=\\&quot;fas fa-caret-down\\&quot; aria-hidden=\\&quot;true\\&quot;&gt;&lt;\\\/i&gt;&quot;,&quot;library&quot;:&quot;fa-solid&quot;},&quot;toggle&quot;:&quot;burger&quot;}\" data-widget_type=\"nav-menu.default\">\n\t\t\t\t<div class=\"elementor-widget-container\">\n\t\t\t\t\t\t\t\t<nav aria-label=\"Menu\" class=\"elementor-nav-menu--main elementor-nav-menu__container elementor-nav-menu--layout-horizontal e--pointer-none\">\n\t\t\t\t<ul id=\"menu-1-d33102c\" class=\"elementor-nav-menu\"><li class=\"menu-item menu-item-type-post_type menu-item-object-page menu-item-home menu-item-83\"><a href=\"https:\/\/shenpo.fr\/\" class=\"elementor-item\">Accueil<\/a><\/li>\n<li class=\"menu-item menu-item-type-post_type menu-item-object-page menu-item-1187\"><a href=\"https:\/\/shenpo.fr\/?page_id=1180\" class=\"elementor-item\">A Propos<\/a><\/li>\n<li class=\"menu-item menu-item-type-custom menu-item-object-custom menu-item-has-children menu-item-1133\"><a href=\"#\" class=\"elementor-item elementor-item-anchor\">Mes services<\/a>\n<ul class=\"sub-menu elementor-nav-menu--dropdown\">\n\t<li class=\"menu-item menu-item-type-post_type menu-item-object-page menu-item-1322\"><a href=\"https:\/\/shenpo.fr\/?page_id=1308\" class=\"elementor-sub-item\">M\u00e9decine chinoise<\/a><\/li>\n\t<li class=\"menu-item menu-item-type-post_type menu-item-object-page menu-item-1324\"><a href=\"https:\/\/shenpo.fr\/?page_id=1306\" class=\"elementor-sub-item\">Tuina &#8211; Massage \u00c9nerg\u00e9tique<\/a><\/li>\n\t<li class=\"menu-item menu-item-type-post_type menu-item-object-page menu-item-2118\"><a href=\"https:\/\/shenpo.fr\/?page_id=2116\" class=\"elementor-sub-item\">Ventouses et soin cellulite<\/a><\/li>\n\t<li class=\"menu-item menu-item-type-post_type menu-item-object-page menu-item-1323\"><a href=\"https:\/\/shenpo.fr\/?page_id=1307\" class=\"elementor-sub-item\">Soins bambous<\/a><\/li>\n\t<li class=\"menu-item menu-item-type-post_type menu-item-object-page menu-item-1426\"><a href=\"https:\/\/shenpo.fr\/?page_id=1424\" class=\"elementor-sub-item\">La femme enceinte<\/a><\/li>\n\t<li class=\"menu-item menu-item-type-post_type menu-item-object-page menu-item-1427\"><a href=\"https:\/\/shenpo.fr\/?page_id=1418\" class=\"elementor-sub-item\">Ateliers<\/a><\/li>\n\t<li class=\"menu-item menu-item-type-post_type menu-item-object-page menu-item-2316\"><a href=\"https:\/\/shenpo.fr\/?page_id=2297\" class=\"elementor-sub-item\">Aculifting<\/a><\/li>\n<\/ul>\n<\/li>\n<li class=\"menu-item menu-item-type-post_type menu-item-object-page menu-item-1699\"><a href=\"https:\/\/shenpo.fr\/?page_id=1697\" class=\"elementor-item\">M\u00e9moire cellulaire<\/a><\/li>\n<li class=\"menu-item menu-item-type-post_type menu-item-object-page menu-item-1428\"><a href=\"https:\/\/shenpo.fr\/?page_id=1410\" class=\"elementor-item\">Entreprise<\/a><\/li>\n<li class=\"menu-item menu-item-type-post_type menu-item-object-page menu-item-2325\"><a href=\"https:\/\/shenpo.fr\/?page_id=2317\" class=\"elementor-item\">Immersion<\/a><\/li>\n<li class=\"menu-item menu-item-type-post_type menu-item-object-page menu-item-1608\"><a href=\"https:\/\/shenpo.fr\/?page_id=1606\" class=\"elementor-item\">D\u00e9ontologie et hygi\u00e8ne<\/a><\/li>\n<\/ul>\t\t\t<\/nav>\n\t\t\t\t\t<div class=\"elementor-menu-toggle\" role=\"button\" tabindex=\"0\" aria-label=\"Permuter le menu\" aria-expanded=\"false\">\n\t\t\t<i aria-hidden=\"true\" role=\"presentation\" class=\"elementor-menu-toggle__icon--open eicon-menu-bar\"><\/i><i aria-hidden=\"true\" role=\"presentation\" class=\"elementor-menu-toggle__icon--close eicon-close\"><\/i>\t\t<\/div>\n\t\t\t\t\t<nav class=\"elementor-nav-menu--dropdown elementor-nav-menu__container\" aria-hidden=\"true\">\n\t\t\t\t<ul id=\"menu-2-d33102c\" class=\"elementor-nav-menu\"><li class=\"menu-item menu-item-type-post_type menu-item-object-page menu-item-home menu-item-83\"><a href=\"https:\/\/shenpo.fr\/\" class=\"elementor-item\" tabindex=\"-1\">Accueil<\/a><\/li>\n<li class=\"menu-item menu-item-type-post_type menu-item-object-page menu-item-1187\"><a href=\"https:\/\/shenpo.fr\/?page_id=1180\" class=\"elementor-item\" tabindex=\"-1\">A Propos<\/a><\/li>\n<li class=\"menu-item menu-item-type-custom menu-item-object-custom menu-item-has-children menu-item-1133\"><a href=\"#\" class=\"elementor-item elementor-item-anchor\" tabindex=\"-1\">Mes services<\/a>\n<ul class=\"sub-menu elementor-nav-menu--dropdown\">\n\t<li class=\"menu-item menu-item-type-post_type menu-item-object-page menu-item-1322\"><a href=\"https:\/\/shenpo.fr\/?page_id=1308\" class=\"elementor-sub-item\" tabindex=\"-1\">M\u00e9decine chinoise<\/a><\/li>\n\t<li class=\"menu-item menu-item-type-post_type menu-item-object-page menu-item-1324\"><a href=\"https:\/\/shenpo.fr\/?page_id=1306\" class=\"elementor-sub-item\" tabindex=\"-1\">Tuina &#8211; Massage \u00c9nerg\u00e9tique<\/a><\/li>\n\t<li class=\"menu-item menu-item-type-post_type menu-item-object-page menu-item-2118\"><a href=\"https:\/\/shenpo.fr\/?page_id=2116\" class=\"elementor-sub-item\" tabindex=\"-1\">Ventouses et soin cellulite<\/a><\/li>\n\t<li class=\"menu-item menu-item-type-post_type menu-item-object-page menu-item-1323\"><a href=\"https:\/\/shenpo.fr\/?page_id=1307\" class=\"elementor-sub-item\" tabindex=\"-1\">Soins bambous<\/a><\/li>\n\t<li class=\"menu-item menu-item-type-post_type menu-item-object-page menu-item-1426\"><a href=\"https:\/\/shenpo.fr\/?page_id=1424\" class=\"elementor-sub-item\" tabindex=\"-1\">La femme enceinte<\/a><\/li>\n\t<li class=\"menu-item menu-item-type-post_type menu-item-object-page menu-item-1427\"><a href=\"https:\/\/shenpo.fr\/?page_id=1418\" class=\"elementor-sub-item\" tabindex=\"-1\">Ateliers<\/a><\/li>\n\t<li class=\"menu-item menu-item-type-post_type menu-item-object-page menu-item-2316\"><a href=\"https:\/\/shenpo.fr\/?page_id=2297\" class=\"elementor-sub-item\" tabindex=\"-1\">Aculifting<\/a><\/li>\n<\/ul>\n<\/li>\n<li class=\"menu-item menu-item-type-post_type menu-item-object-page menu-item-1699\"><a href=\"https:\/\/shenpo.fr\/?page_id=1697\" class=\"elementor-item\" tabindex=\"-1\">M\u00e9moire cellulaire<\/a><\/li>\n<li class=\"menu-item menu-item-type-post_type menu-item-object-page menu-item-1428\"><a href=\"https:\/\/shenpo.fr\/?page_id=1410\" class=\"elementor-item\" tabindex=\"-1\">Entreprise<\/a><\/li>\n<li class=\"menu-item menu-item-type-post_type menu-item-object-page menu-item-2325\"><a href=\"https:\/\/shenpo.fr\/?page_id=2317\" class=\"elementor-item\" tabindex=\"-1\">Immersion<\/a><\/li>\n<li class=\"menu-item menu-item-type-post_type menu-item-object-page menu-item-1608\"><a href=\"https:\/\/shenpo.fr\/?page_id=1606\" class=\"elementor-item\" tabindex=\"-1\">D\u00e9ontologie et hygi\u00e8ne<\/a><\/li>\n<\/ul>\t\t\t<\/nav>\n\t\t\t\t\t\t<\/div>\n\t\t\t\t<\/div>\n\t\t\t\t<div class=\"elementor-element elementor-element-02ce13e elementor-hidden-mobile elementor-widget elementor-widget-button\" data-id=\"02ce13e\" data-element_type=\"widget\" data-e-type=\"widget\" data-widget_type=\"button.default\">\n\t\t\t\t<div class=\"elementor-widget-container\">\n\t\t\t\t\t\t\t\t\t<div class=\"elementor-button-wrapper\">\n\t\t\t\t\t<a class=\"elementor-button elementor-button-link elementor-size-sm\" href=\"http:\/\/Shenpo.fr\/#contact\">\n\t\t\t\t\t\t<span class=\"elementor-button-content-wrapper\">\n\t\t\t\t\t\t<span class=\"elementor-button-icon\">\n\t\t\t\t<i aria-hidden=\"true\" class=\"far fa-envelope-open\"><\/i>\t\t\t<\/span>\n\t\t\t\t\t\t\t\t\t<span class=\"elementor-button-text\">Contactez-moi<\/span>\n\t\t\t\t\t<\/span>\n\t\t\t\t\t<\/a>\n\t\t\t\t<\/div>\n\t\t\t\t\t\t\t\t<\/div>\n\t\t\t\t<\/div>\n\t\t\t\t\t<\/div>\n\t\t\t\t<\/div>\n\t\t<div class=\"elementor-element elementor-element-afac6d8 e-flex e-con-boxed e-con e-child\" data-id=\"afac6d8\" data-element_type=\"container\" data-e-type=\"container\">\n\t\t\t\t\t<div class=\"e-con-inner\">\n\t\t<div class=\"elementor-element elementor-element-be0bb94 e-con-full e-flex elementor-invisible e-con e-child\" data-id=\"be0bb94\" data-element_type=\"container\" data-e-type=\"container\" data-settings=\"{&quot;animation&quot;:&quot;fadeInLeft&quot;,&quot;animation_delay&quot;:800}\">\n\t\t\t\t<div class=\"elementor-element elementor-element-a70a796 elementor-widget elementor-widget-heading\" data-id=\"a70a796\" data-element_type=\"widget\" data-e-type=\"widget\" data-widget_type=\"heading.default\">\n\t\t\t\t<div class=\"elementor-widget-container\">\n\t\t\t\t\t<h1 class=\"elementor-heading-title elementor-size-default\">M\u00e9decine chinoise<\/h1>\t\t\t\t<\/div>\n\t\t\t\t<\/div>\n\t\t\t\t<\/div>\n\t\t\t\t\t<\/div>\n\t\t\t\t<\/div>\n\t\t\t\t\t<\/div>\n\t\t\t\t<\/div>\n\t\t<div class=\"elementor-element elementor-element-d2b91f9 e-flex e-con-boxed e-con e-parent\" data-id=\"d2b91f9\" data-element_type=\"container\" data-e-type=\"container\">\n\t\t\t\t\t<div class=\"e-con-inner\">\n\t\t<div class=\"elementor-element elementor-element-f6f3f7e e-flex e-con-boxed elementor-invisible e-con e-child\" data-id=\"f6f3f7e\" data-element_type=\"container\" data-e-type=\"container\" data-settings=\"{&quot;animation&quot;:&quot;fadeIn&quot;,&quot;animation_delay&quot;:200}\">\n\t\t\t\t\t<div class=\"e-con-inner\">\n\t\t\t\t<div class=\"elementor-element elementor-element-1e18b5c elementor-widget-tablet__width-inherit elementor-widget-mobile__width-inherit elementor-widget__width-inherit elementor-widget elementor-widget-image\" data-id=\"1e18b5c\" data-element_type=\"widget\" data-e-type=\"widget\" data-widget_type=\"image.default\">\n\t\t\t\t<div class=\"elementor-widget-container\">\n\t\t\t\t\t\t\t\t\t\t\t\t\t\t\t<img decoding=\"async\" width=\"420\" height=\"420\" src=\"https:\/\/shenpo.fr\/wp-content\/uploads\/2023\/12\/cycle-de-controle-des-5-elements-chinois.jpg\" class=\"attachment-large size-large wp-image-1831\" alt=\"\" srcset=\"https:\/\/shenpo.fr\/wp-content\/uploads\/2023\/12\/cycle-de-controle-des-5-elements-chinois.jpg 420w, https:\/\/shenpo.fr\/wp-content\/uploads\/2023\/12\/cycle-de-controle-des-5-elements-chinois-300x300.jpg 300w, https:\/\/shenpo.fr\/wp-content\/uploads\/2023\/12\/cycle-de-controle-des-5-elements-chinois-150x150.jpg 150w\" sizes=\"(max-width: 420px) 100vw, 420px\" \/>\t\t\t\t\t\t\t\t\t\t\t\t\t\t\t<\/div>\n\t\t\t\t<\/div>\n\t\t\t\t\t<\/div>\n\t\t\t\t<\/div>\n\t\t<div class=\"elementor-element elementor-element-b07f417 e-flex e-con-boxed elementor-invisible e-con e-child\" data-id=\"b07f417\" data-element_type=\"container\" data-e-type=\"container\" data-settings=\"{&quot;animation&quot;:&quot;fadeIn&quot;,&quot;animation_delay&quot;:600}\">\n\t\t\t\t\t<div class=\"e-con-inner\">\n\t\t\t\t<div class=\"elementor-element elementor-element-43a73a4 elementor-widget elementor-widget-heading\" data-id=\"43a73a4\" data-element_type=\"widget\" data-e-type=\"widget\" data-widget_type=\"heading.default\">\n\t\t\t\t<div class=\"elementor-widget-container\">\n\t\t\t\t\t<h2 class=\"elementor-heading-title elementor-size-default\">D\u00e9couvrez les bienfaits de la m\u00e9decine chinoise<\/h2>\t\t\t\t<\/div>\n\t\t\t\t<\/div>\n\t\t\t\t<div class=\"elementor-element elementor-element-fd6e334 elementor-widget elementor-widget-text-editor\" data-id=\"fd6e334\" data-element_type=\"widget\" data-e-type=\"widget\" data-widget_type=\"text-editor.default\">\n\t\t\t\t<div class=\"elementor-widget-container\">\n\t\t\t\t\t\t\t\t\t<p>De la gestion de la douleur \u00e0 l&rsquo;am\u00e9lioration de la qualit\u00e9 de vie. Apprenez comment cette approche globale peut vous aider \u00e0 atteindre un \u00e9tat de bien-\u00eatre optimal.<\/p><p>\u00a0<\/p>\t\t\t\t\t\t\t\t<\/div>\n\t\t\t\t<\/div>\n\t\t\t\t<div class=\"elementor-element elementor-element-fcb6a1b elementor-widget elementor-widget-global elementor-global-116 elementor-widget-button\" data-id=\"fcb6a1b\" data-element_type=\"widget\" data-e-type=\"widget\" data-widget_type=\"button.default\">\n\t\t\t\t<div class=\"elementor-widget-container\">\n\t\t\t\t\t\t\t\t\t<div class=\"elementor-button-wrapper\">\n\t\t\t\t\t<a class=\"elementor-button elementor-button-link elementor-size-sm\" href=\"https:\/\/shenpo.fr#contact\">\n\t\t\t\t\t\t<span class=\"elementor-button-content-wrapper\">\n\t\t\t\t\t\t<span class=\"elementor-button-icon\">\n\t\t\t\t<i aria-hidden=\"true\" class=\"fas fa-envelope\"><\/i>\t\t\t<\/span>\n\t\t\t\t\t\t\t\t\t<span class=\"elementor-button-text\">Nous contacter<\/span>\n\t\t\t\t\t<\/span>\n\t\t\t\t\t<\/a>\n\t\t\t\t<\/div>\n\t\t\t\t\t\t\t\t<\/div>\n\t\t\t\t<\/div>\n\t\t\t\t\t<\/div>\n\t\t\t\t<\/div>\n\t\t\t\t\t<\/div>\n\t\t\t\t<\/div>\n\t\t<div class=\"elementor-element elementor-element-fcc8779 e-flex e-con-boxed e-con e-parent\" data-id=\"fcc8779\" data-element_type=\"container\" data-e-type=\"container\">\n\t\t\t\t\t<div class=\"e-con-inner\">\n\t\t<div class=\"elementor-element elementor-element-80f94b2 e-flex e-con-boxed elementor-invisible e-con e-child\" data-id=\"80f94b2\" data-element_type=\"container\" data-e-type=\"container\" data-settings=\"{&quot;animation&quot;:&quot;fadeIn&quot;,&quot;animation_delay&quot;:600}\">\n\t\t\t\t\t<div class=\"e-con-inner\">\n\t\t\t\t<div class=\"elementor-element elementor-element-06b24ef elementor-widget elementor-widget-heading\" data-id=\"06b24ef\" data-element_type=\"widget\" data-e-type=\"widget\" data-widget_type=\"heading.default\">\n\t\t\t\t<div class=\"elementor-widget-container\">\n\t\t\t\t\t<h2 class=\"elementor-heading-title elementor-size-default\">Mes tarifs pour cette prestation<\/h2>\t\t\t\t<\/div>\n\t\t\t\t<\/div>\n\t\t\t\t<div class=\"elementor-element elementor-element-f113cce elementor-widget elementor-widget-price-list\" data-id=\"f113cce\" data-element_type=\"widget\" data-e-type=\"widget\" data-widget_type=\"price-list.default\">\n\t\t\t\t<div class=\"elementor-widget-container\">\n\t\t\t\t\t\n\t\t<ul class=\"elementor-price-list\">\n\n\t\t\t\t\t\t\t\t\t<li class=\"elementor-price-list-item\">\t\t\t\t\n\t\t\t\t<div class=\"elementor-price-list-text\">\n\t\t\t\t\t\t\t\t\t<div class=\"elementor-price-list-header\">\n\t\t\t\t\t\t\t\t\t\t\t<span class=\"elementor-price-list-title\">\n\t\t\t\t\t\t\tAcupuncture et Moxibustion\t\t\t\t\t\t<\/span>\n\t\t\t\t\t\t\t\t\t\t\t\t\t\t\t\t\t\t<span class=\"elementor-price-list-separator\"><\/span>\n\t\t\t\t\t\t\t\t\t\t\t\t\t\t\t\t\t\t\t<span class=\"elementor-price-list-price\">60\u20ac<\/span>\n\t\t\t\t\t\t\t\t\t\t<\/div>\n\t\t\t\t\t\t\t\t\t\t\t\t<\/div>\n\t\t\t\t<\/li>\t\t\t\t\t\n\t\t<\/ul>\n\n\t\t\t\t\t\t<\/div>\n\t\t\t\t<\/div>\n\t\t\t\t<div class=\"elementor-element elementor-element-2004f90 elementor-widget elementor-widget-n-accordion\" data-id=\"2004f90\" data-element_type=\"widget\" data-e-type=\"widget\" data-settings=\"{&quot;default_state&quot;:&quot;expanded&quot;,&quot;max_items_expended&quot;:&quot;one&quot;,&quot;n_accordion_animation_duration&quot;:{&quot;unit&quot;:&quot;ms&quot;,&quot;size&quot;:400,&quot;sizes&quot;:[]}}\" data-widget_type=\"nested-accordion.default\">\n\t\t\t\t<div class=\"elementor-widget-container\">\n\t\t\t\t\t\t\t<div class=\"e-n-accordion\" aria-label=\"Accordion. Open links with Enter or Space, close with Escape, and navigate with Arrow Keys\">\n\t\t\t\t\t\t<details id=\"e-n-accordion-item-3350\" class=\"e-n-accordion-item\" open>\n\t\t\t\t<summary class=\"e-n-accordion-item-title\" data-accordion-index=\"1\" tabindex=\"0\" aria-expanded=\"true\" aria-controls=\"e-n-accordion-item-3350\" >\n\t\t\t\t\t<span class='e-n-accordion-item-title-header'><div class=\"e-n-accordion-item-title-text\"> Voir plus <\/div><\/span>\n\t\t\t\t\t\t\t<span class='e-n-accordion-item-title-icon'>\n\t\t\t<span class='e-opened' ><i aria-hidden=\"true\" class=\"fas fa-minus\"><\/i><\/span>\n\t\t\t<span class='e-closed'><i aria-hidden=\"true\" class=\"fas fa-plus\"><\/i><\/span>\n\t\t<\/span>\n\n\t\t\t\t\t\t<\/summary>\n\t\t\t\t<div role=\"region\" aria-labelledby=\"e-n-accordion-item-3350\" class=\"elementor-element elementor-element-eecfe1d e-con-full e-flex e-con e-child\" data-id=\"eecfe1d\" data-element_type=\"container\" data-e-type=\"container\">\n\t\t<div role=\"region\" aria-labelledby=\"e-n-accordion-item-3350\" class=\"elementor-element elementor-element-bf882f4 e-flex e-con-boxed e-con e-child\" data-id=\"bf882f4\" data-element_type=\"container\" data-e-type=\"container\">\n\t\t\t\t\t<div class=\"e-con-inner\">\n\t\t\t\t<div class=\"elementor-element elementor-element-8153c64 elementor-widget elementor-widget-text-editor\" data-id=\"8153c64\" data-element_type=\"widget\" data-e-type=\"widget\" data-widget_type=\"text-editor.default\">\n\t\t\t\t<div class=\"elementor-widget-container\">\n\t\t\t\t\t\t\t\t\t<div><b><u>Psychopathologies<\/u><\/b>\u00a0:<\/div><div>&#8211; insomnie,<\/div><div>&#8211; d\u00e9pression,<\/div><div>&#8211; troubles bipolaires<\/div><div>&#8211; m\u00e9lancolie,<\/div><div><p>&#8211; les \u00e9motions et sentiments : angoisse, anxi\u00e9t\u00e9, hyperthymie, col\u00e8re, tristesse, peur, tendance \u00e0 \u00eatre effray\u00e9,<\/p><div>\u00a0<\/div><div><b><u>Pathologies li\u00e9es \u00e0 la femme\u00a0<\/u><\/b>:<\/div><div>&#8211; troubles menstruels, r\u00e8gles irr\u00e9guli\u00e8res<\/div><div>&#8211; am\u00e9norrh\u00e9es, dysm\u00e9norr\u00e9es,<\/div><div>&#8211; m\u00e9trorragies,<\/div><div>&#8211; m\u00e9nopause,<\/div><div>&#8211; endom\u00e9triose,<\/div><div>&#8211; st\u00e9rilit\u00e9,<\/div><div>&#8211; c\u00e9phal\u00e9es catam\u00e9niales<\/div><div>\u00a0<\/div><div><b><u>Atteintes gastriques et intestinales<\/u><\/b>\u00a0:<\/div><div>&#8211; gastralgies,<\/div><div>&#8211; dyspepsie,<\/div><div>&#8211; colites,<\/div><div>&#8211; diarrh\u00e9es,<\/div><div>&#8211; constipations,<\/div><div>\u00a0<\/div><div><strong>C\u00e9phal\u00e9es, Hypertension, Hypotension, Vertiges<\/strong><\/div><div><strong>Paralysie faciale, n\u00e9vralgie du trijumeau<\/strong><\/div><div>\u00a0<\/div><div><b><u>Probl\u00e8mes de peau\u00a0<\/u>:\u00a0<\/b><\/div><div>&#8211; ecz\u00e9ma,<\/div><div>&#8211; psoriasis,<\/div><div>&#8211; acn\u00e9,<\/div><div>&#8211; zona,<\/div><div>&#8211; herp\u00e8s,<\/div><div>&#8211; urticaire<\/div><div>\u00a0<\/div><div><b><u>Affections ORL et pulmonaire\u00a0<\/u><\/b>:<\/div><div>&#8211; rhume,<\/div><div>&#8211; grippe,<\/div><div>&#8211; douleurs et enflures de gorge,<\/div><div>&#8211;\u00a0 toux,<\/div><div>&#8211; sinusite,<\/div><div>&#8211; rhinite,<\/div><div>&#8211; asthme,<\/div><div>&#8211; bourdonnements d&rsquo;oreille et surdit\u00e9<\/div><\/div><div>\u00a0<\/div><div><div><b>Pathologies inflammatoires et articulaires<\/b><\/div><div><b>Pathologies endocriniennes<br \/>Troubles cardiaques et angiologie<br \/>Addictions<br \/>Troubles de la sph\u00e8re urinaire et\u00a0h\u00e9morro\u00efdes<\/b><\/div><\/div>\t\t\t\t\t\t\t\t<\/div>\n\t\t\t\t<\/div>\n\t\t\t\t\t<\/div>\n\t\t\t\t<\/div>\n\t\t\t\t<\/div>\n\t\t\t\t\t<\/details>\n\t\t\t\t\t<\/div>\n\t\t\t\t\t\t<\/div>\n\t\t\t\t<\/div>\n\t\t\t\t\t<\/div>\n\t\t\t\t<\/div>\n\t\t\t\t\t<\/div>\n\t\t\t\t<\/div>\n\t\t<div class=\"elementor-element elementor-element-1e13149 e-flex e-con-boxed e-con e-parent\" data-id=\"1e13149\" data-element_type=\"container\" data-e-type=\"container\">\n\t\t\t\t\t<div class=\"e-con-inner\">\n\t\t<div class=\"elementor-element elementor-element-ce6a94d e-flex e-con-boxed elementor-invisible e-con e-child\" data-id=\"ce6a94d\" data-element_type=\"container\" data-e-type=\"container\" data-settings=\"{&quot;animation&quot;:&quot;fadeIn&quot;,&quot;animation_delay&quot;:200}\">\n\t\t\t\t\t<div class=\"e-con-inner\">\n\t\t\t\t<div class=\"elementor-element elementor-element-e85b5c7 elementor-widget elementor-widget-heading\" data-id=\"e85b5c7\" data-element_type=\"widget\" data-e-type=\"widget\" data-widget_type=\"heading.default\">\n\t\t\t\t<div class=\"elementor-widget-container\">\n\t\t\t\t\t<h2 class=\"elementor-heading-title elementor-size-default\">Nous contacter<\/h2>\t\t\t\t<\/div>\n\t\t\t\t<\/div>\n\t\t\t\t\t<\/div>\n\t\t\t\t<\/div>\n\t\t<div class=\"elementor-element elementor-element-7f0938b e-flex e-con-boxed elementor-invisible e-con e-child\" data-id=\"7f0938b\" data-element_type=\"container\" data-e-type=\"container\" data-settings=\"{&quot;animation&quot;:&quot;fadeIn&quot;,&quot;animation_delay&quot;:400}\">\n\t\t\t\t\t<div class=\"e-con-inner\">\n\t\t<div class=\"elementor-element elementor-element-bd91825 e-flex e-con-boxed e-con e-child\" data-id=\"bd91825\" data-element_type=\"container\" data-e-type=\"container\">\n\t\t\t\t\t<div class=\"e-con-inner\">\n\t\t\t\t<div class=\"elementor-element elementor-element-b3c844e elementor-button-align-center elementor-widget__width-inherit elementor-widget elementor-widget-form\" data-id=\"b3c844e\" data-element_type=\"widget\" data-e-type=\"widget\" data-settings=\"{&quot;step_next_label&quot;:&quot;Suivant&quot;,&quot;step_previous_label&quot;:&quot;Pr\\u00e9c\\u00e9dent&quot;,&quot;button_width&quot;:&quot;100&quot;,&quot;step_type&quot;:&quot;number_text&quot;,&quot;step_icon_shape&quot;:&quot;circle&quot;}\" data-widget_type=\"form.default\">\n\t\t\t\t<div class=\"elementor-widget-container\">\n\t\t\t\t\t\t\t<form class=\"elementor-form\" method=\"post\" name=\"Nouveau formulaire\" aria-label=\"Nouveau formulaire\" novalidate=\"\">\n\t\t\t<input type=\"hidden\" name=\"post_id\" value=\"1308\"\/>\n\t\t\t<input type=\"hidden\" name=\"form_id\" value=\"b3c844e\"\/>\n\t\t\t<input type=\"hidden\" name=\"referer_title\" value=\"\" \/>\n\n\t\t\t\n\t\t\t<div class=\"elementor-form-fields-wrapper elementor-labels-above\">\n\t\t\t\t\t\t\t\t<div class=\"elementor-field-type-text elementor-field-group elementor-column elementor-field-group-name elementor-col-100\">\n\t\t\t\t\t\t\t\t\t\t\t\t\t<input size=\"1\" type=\"text\" name=\"form_fields[name]\" id=\"form-field-name\" class=\"elementor-field elementor-size-lg  elementor-field-textual\" placeholder=\"Nom\">\n\t\t\t\t\t\t\t\t\t\t\t<\/div>\n\t\t\t\t\t\t\t\t<div class=\"elementor-field-type-email elementor-field-group elementor-column elementor-field-group-email elementor-col-100 elementor-field-required\">\n\t\t\t\t\t\t\t\t\t\t\t\t\t<input size=\"1\" type=\"email\" name=\"form_fields[email]\" id=\"form-field-email\" class=\"elementor-field elementor-size-lg  elementor-field-textual\" placeholder=\"E-mail\" required=\"required\">\n\t\t\t\t\t\t\t\t\t\t\t<\/div>\n\t\t\t\t\t\t\t\t<div class=\"elementor-field-type-textarea elementor-field-group elementor-column elementor-field-group-message elementor-col-100\">\n\t\t\t\t\t<textarea class=\"elementor-field-textual elementor-field  elementor-size-lg\" name=\"form_fields[message]\" id=\"form-field-message\" rows=\"4\" placeholder=\"Message\"><\/textarea>\t\t\t\t<\/div>\n\t\t\t\t\t\t\t\t<div class=\"elementor-field-group elementor-column elementor-field-type-submit elementor-col-100 e-form__buttons\">\n\t\t\t\t\t<button class=\"elementor-button elementor-size-sm\" type=\"submit\">\n\t\t\t\t\t\t<span class=\"elementor-button-content-wrapper\">\n\t\t\t\t\t\t\t\t\t\t\t\t\t\t\t\t\t\t\t\t\t\t<span class=\"elementor-button-text\">Envoyer<\/span>\n\t\t\t\t\t\t\t\t\t\t\t\t\t<\/span>\n\t\t\t\t\t<\/button>\n\t\t\t\t<\/div>\n\t\t\t<\/div>\n\t\t<\/form>\n\t\t\t\t\t\t<\/div>\n\t\t\t\t<\/div>\n\t\t\t\t\t<\/div>\n\t\t\t\t<\/div>\n\t\t\t\t\t<\/div>\n\t\t\t\t<\/div>\n\t\t\t\t\t<\/div>\n\t\t\t\t<\/div>\n\t\t\t\t<\/div>\n\t\t","protected":false},"excerpt":{"rendered":"<p>Contactez-moi M\u00e9decine chinoise D\u00e9couvrez les bienfaits de la m\u00e9decine chinoise De la gestion de la douleur \u00e0 l&rsquo;am\u00e9lioration de la qualit\u00e9 de vie. Apprenez comment cette approche globale peut vous aider \u00e0 atteindre un \u00e9tat de bien-\u00eatre optimal. \u00a0 Nous contacter Mes tarifs pour cette prestation Acupuncture et Moxibustion 60\u20ac Voir plus Psychopathologies\u00a0:&#8211; insomnie,&#8211; d\u00e9pression,&#8211; [&hellip;]<\/p>\n","protected":false},"author":1,"featured_media":0,"parent":0,"menu_order":0,"comment_status":"closed","ping_status":"closed","template":"elementor_header_footer","meta":{"footnotes":""},"class_list":["post-1308","page","type-page","status-publish","hentry"],"_links":{"self":[{"href":"https:\/\/shenpo.fr\/index.php?rest_route=\/wp\/v2\/pages\/1308","targetHints":{"allow":["GET"]}}],"collection":[{"href":"https:\/\/shenpo.fr\/index.php?rest_route=\/wp\/v2\/pages"}],"about":[{"href":"https:\/\/shenpo.fr\/index.php?rest_route=\/wp\/v2\/types\/page"}],"author":[{"embeddable":true,"href":"https:\/\/shenpo.fr\/index.php?rest_route=\/wp\/v2\/users\/1"}],"replies":[{"embeddable":true,"href":"https:\/\/shenpo.fr\/index.php?rest_route=%2Fwp%2Fv2%2Fcomments&post=1308"}],"version-history":[{"count":5,"href":"https:\/\/shenpo.fr\/index.php?rest_route=\/wp\/v2\/pages\/1308\/revisions"}],"predecessor-version":[{"id":2204,"href":"https:\/\/shenpo.fr\/index.php?rest_route=\/wp\/v2\/pages\/1308\/revisions\/2204"}],"wp:attachment":[{"href":"https:\/\/shenpo.fr\/index.php?rest_route=%2Fwp%2Fv2%2Fmedia&parent=1308"}],"curies":[{"name":"wp","href":"https:\/\/api.w.org\/{rel}","templated":true}]}}