{"id":1307,"date":"2023-09-12T08:52:51","date_gmt":"2023-09-12T08:52:51","guid":{"rendered":"https:\/\/shenpo.fr\/?page_id=1307"},"modified":"2024-04-03T09:58:06","modified_gmt":"2024-04-03T09:58:06","slug":"soins-bambous","status":"publish","type":"page","link":"https:\/\/shenpo.fr\/?page_id=1307","title":{"rendered":"Soins bambous"},"content":{"rendered":"\t\t<div data-elementor-type=\"wp-page\" data-elementor-id=\"1307\" class=\"elementor elementor-1307\" data-elementor-post-type=\"page\">\n\t\t\t\t<div class=\"elementor-element elementor-element-3fede5c e-flex e-con-boxed e-con e-parent\" data-id=\"3fede5c\" data-element_type=\"container\" data-e-type=\"container\" data-settings=\"{&quot;background_background&quot;:&quot;classic&quot;}\">\n\t\t\t\t\t<div class=\"e-con-inner\">\n\t\t<div class=\"elementor-element elementor-element-5ac7b09 e-flex e-con-boxed e-con e-child\" data-id=\"5ac7b09\" data-element_type=\"container\" data-e-type=\"container\">\n\t\t\t\t\t<div class=\"e-con-inner\">\n\t\t\t\t<div class=\"elementor-element elementor-element-d544074 elementor-widget elementor-widget-image\" data-id=\"d544074\" data-element_type=\"widget\" data-e-type=\"widget\" data-widget_type=\"image.default\">\n\t\t\t\t<div class=\"elementor-widget-container\">\n\t\t\t\t\t\t\t\t\t\t\t\t\t\t\t\t<a href=\"https:\/\/shenpo.fr\/\">\n\t\t\t\t\t\t\t<img fetchpriority=\"high\" decoding=\"async\" width=\"500\" height=\"500\" src=\"https:\/\/shenpo.fr\/wp-content\/uploads\/2023\/12\/logoshen-1.png\" class=\"attachment-large size-large wp-image-1903\" alt=\"\" srcset=\"https:\/\/shenpo.fr\/wp-content\/uploads\/2023\/12\/logoshen-1.png 500w, https:\/\/shenpo.fr\/wp-content\/uploads\/2023\/12\/logoshen-1-300x300.png 300w, https:\/\/shenpo.fr\/wp-content\/uploads\/2023\/12\/logoshen-1-150x150.png 150w, https:\/\/shenpo.fr\/wp-content\/uploads\/2023\/12\/elementor\/thumbs\/logoshen-1-qh4prk4vuco5s4x0c9y0l573c36w2xb0g2qwoz5pbo.png 50w, https:\/\/shenpo.fr\/wp-content\/uploads\/2023\/12\/elementor\/thumbs\/logoshen-1-qh4prk4vh718aqgw0lonybjl0vxehecaojdcuk0jbc.png 20w\" sizes=\"(max-width: 500px) 100vw, 500px\" \/>\t\t\t\t\t\t\t\t<\/a>\n\t\t\t\t\t\t\t\t\t\t\t\t\t\t\t<\/div>\n\t\t\t\t<\/div>\n\t\t\t\t<div class=\"elementor-element elementor-element-7b1949e elementor-nav-menu--stretch elementor-widget-mobile__width-initial elementor-nav-menu--dropdown-tablet elementor-nav-menu__text-align-aside elementor-nav-menu--toggle elementor-nav-menu--burger elementor-widget elementor-widget-nav-menu\" data-id=\"7b1949e\" data-element_type=\"widget\" data-e-type=\"widget\" data-settings=\"{&quot;full_width&quot;:&quot;stretch&quot;,&quot;layout&quot;:&quot;horizontal&quot;,&quot;submenu_icon&quot;:{&quot;value&quot;:&quot;&lt;i class=\\&quot;fas fa-caret-down\\&quot; aria-hidden=\\&quot;true\\&quot;&gt;&lt;\\\/i&gt;&quot;,&quot;library&quot;:&quot;fa-solid&quot;},&quot;toggle&quot;:&quot;burger&quot;}\" data-widget_type=\"nav-menu.default\">\n\t\t\t\t<div class=\"elementor-widget-container\">\n\t\t\t\t\t\t\t\t<nav aria-label=\"Menu\" class=\"elementor-nav-menu--main elementor-nav-menu__container elementor-nav-menu--layout-horizontal e--pointer-none\">\n\t\t\t\t<ul id=\"menu-1-7b1949e\" class=\"elementor-nav-menu\"><li class=\"menu-item menu-item-type-post_type menu-item-object-page menu-item-home menu-item-83\"><a href=\"https:\/\/shenpo.fr\/\" class=\"elementor-item\">Accueil<\/a><\/li>\n<li class=\"menu-item menu-item-type-post_type menu-item-object-page menu-item-1187\"><a href=\"https:\/\/shenpo.fr\/?page_id=1180\" class=\"elementor-item\">A Propos<\/a><\/li>\n<li class=\"menu-item menu-item-type-custom menu-item-object-custom menu-item-has-children menu-item-1133\"><a href=\"#\" class=\"elementor-item elementor-item-anchor\">Mes services<\/a>\n<ul class=\"sub-menu elementor-nav-menu--dropdown\">\n\t<li class=\"menu-item menu-item-type-post_type menu-item-object-page menu-item-1322\"><a href=\"https:\/\/shenpo.fr\/?page_id=1308\" class=\"elementor-sub-item\">M\u00e9decine chinoise<\/a><\/li>\n\t<li class=\"menu-item menu-item-type-post_type menu-item-object-page menu-item-1324\"><a href=\"https:\/\/shenpo.fr\/?page_id=1306\" class=\"elementor-sub-item\">Tuina &#8211; Massage \u00c9nerg\u00e9tique<\/a><\/li>\n\t<li class=\"menu-item menu-item-type-post_type menu-item-object-page menu-item-2118\"><a href=\"https:\/\/shenpo.fr\/?page_id=2116\" class=\"elementor-sub-item\">Ventouses et soin cellulite<\/a><\/li>\n\t<li class=\"menu-item menu-item-type-post_type menu-item-object-page menu-item-1323\"><a href=\"https:\/\/shenpo.fr\/?page_id=1307\" class=\"elementor-sub-item\">Soins bambous<\/a><\/li>\n\t<li class=\"menu-item menu-item-type-post_type menu-item-object-page menu-item-1426\"><a href=\"https:\/\/shenpo.fr\/?page_id=1424\" class=\"elementor-sub-item\">La femme enceinte<\/a><\/li>\n\t<li class=\"menu-item menu-item-type-post_type menu-item-object-page menu-item-1427\"><a href=\"https:\/\/shenpo.fr\/?page_id=1418\" class=\"elementor-sub-item\">Ateliers<\/a><\/li>\n\t<li class=\"menu-item menu-item-type-post_type menu-item-object-page menu-item-2316\"><a href=\"https:\/\/shenpo.fr\/?page_id=2297\" class=\"elementor-sub-item\">Aculifting<\/a><\/li>\n<\/ul>\n<\/li>\n<li class=\"menu-item menu-item-type-post_type menu-item-object-page menu-item-1699\"><a href=\"https:\/\/shenpo.fr\/?page_id=1697\" class=\"elementor-item\">M\u00e9moire cellulaire<\/a><\/li>\n<li class=\"menu-item menu-item-type-post_type menu-item-object-page menu-item-1428\"><a href=\"https:\/\/shenpo.fr\/?page_id=1410\" class=\"elementor-item\">Entreprise<\/a><\/li>\n<li class=\"menu-item menu-item-type-post_type menu-item-object-page menu-item-2325\"><a href=\"https:\/\/shenpo.fr\/?page_id=2317\" class=\"elementor-item\">Immersion<\/a><\/li>\n<li class=\"menu-item menu-item-type-post_type menu-item-object-page menu-item-1608\"><a href=\"https:\/\/shenpo.fr\/?page_id=1606\" class=\"elementor-item\">D\u00e9ontologie et hygi\u00e8ne<\/a><\/li>\n<\/ul>\t\t\t<\/nav>\n\t\t\t\t\t<div class=\"elementor-menu-toggle\" role=\"button\" tabindex=\"0\" aria-label=\"Permuter le menu\" aria-expanded=\"false\">\n\t\t\t<i aria-hidden=\"true\" role=\"presentation\" class=\"elementor-menu-toggle__icon--open eicon-menu-bar\"><\/i><i aria-hidden=\"true\" role=\"presentation\" class=\"elementor-menu-toggle__icon--close eicon-close\"><\/i>\t\t<\/div>\n\t\t\t\t\t<nav class=\"elementor-nav-menu--dropdown elementor-nav-menu__container\" aria-hidden=\"true\">\n\t\t\t\t<ul id=\"menu-2-7b1949e\" class=\"elementor-nav-menu\"><li class=\"menu-item menu-item-type-post_type menu-item-object-page menu-item-home menu-item-83\"><a href=\"https:\/\/shenpo.fr\/\" class=\"elementor-item\" tabindex=\"-1\">Accueil<\/a><\/li>\n<li class=\"menu-item menu-item-type-post_type menu-item-object-page menu-item-1187\"><a href=\"https:\/\/shenpo.fr\/?page_id=1180\" class=\"elementor-item\" tabindex=\"-1\">A Propos<\/a><\/li>\n<li class=\"menu-item menu-item-type-custom menu-item-object-custom menu-item-has-children menu-item-1133\"><a href=\"#\" class=\"elementor-item elementor-item-anchor\" tabindex=\"-1\">Mes services<\/a>\n<ul class=\"sub-menu elementor-nav-menu--dropdown\">\n\t<li class=\"menu-item menu-item-type-post_type menu-item-object-page menu-item-1322\"><a href=\"https:\/\/shenpo.fr\/?page_id=1308\" class=\"elementor-sub-item\" tabindex=\"-1\">M\u00e9decine chinoise<\/a><\/li>\n\t<li class=\"menu-item menu-item-type-post_type menu-item-object-page menu-item-1324\"><a href=\"https:\/\/shenpo.fr\/?page_id=1306\" class=\"elementor-sub-item\" tabindex=\"-1\">Tuina &#8211; Massage \u00c9nerg\u00e9tique<\/a><\/li>\n\t<li class=\"menu-item menu-item-type-post_type menu-item-object-page menu-item-2118\"><a href=\"https:\/\/shenpo.fr\/?page_id=2116\" class=\"elementor-sub-item\" tabindex=\"-1\">Ventouses et soin cellulite<\/a><\/li>\n\t<li class=\"menu-item menu-item-type-post_type menu-item-object-page menu-item-1323\"><a href=\"https:\/\/shenpo.fr\/?page_id=1307\" class=\"elementor-sub-item\" tabindex=\"-1\">Soins bambous<\/a><\/li>\n\t<li class=\"menu-item menu-item-type-post_type menu-item-object-page menu-item-1426\"><a href=\"https:\/\/shenpo.fr\/?page_id=1424\" class=\"elementor-sub-item\" tabindex=\"-1\">La femme enceinte<\/a><\/li>\n\t<li class=\"menu-item menu-item-type-post_type menu-item-object-page menu-item-1427\"><a href=\"https:\/\/shenpo.fr\/?page_id=1418\" class=\"elementor-sub-item\" tabindex=\"-1\">Ateliers<\/a><\/li>\n\t<li class=\"menu-item menu-item-type-post_type menu-item-object-page menu-item-2316\"><a href=\"https:\/\/shenpo.fr\/?page_id=2297\" class=\"elementor-sub-item\" tabindex=\"-1\">Aculifting<\/a><\/li>\n<\/ul>\n<\/li>\n<li class=\"menu-item menu-item-type-post_type menu-item-object-page menu-item-1699\"><a href=\"https:\/\/shenpo.fr\/?page_id=1697\" class=\"elementor-item\" tabindex=\"-1\">M\u00e9moire cellulaire<\/a><\/li>\n<li class=\"menu-item menu-item-type-post_type menu-item-object-page menu-item-1428\"><a href=\"https:\/\/shenpo.fr\/?page_id=1410\" class=\"elementor-item\" tabindex=\"-1\">Entreprise<\/a><\/li>\n<li class=\"menu-item menu-item-type-post_type menu-item-object-page menu-item-2325\"><a href=\"https:\/\/shenpo.fr\/?page_id=2317\" class=\"elementor-item\" tabindex=\"-1\">Immersion<\/a><\/li>\n<li class=\"menu-item menu-item-type-post_type menu-item-object-page menu-item-1608\"><a href=\"https:\/\/shenpo.fr\/?page_id=1606\" class=\"elementor-item\" tabindex=\"-1\">D\u00e9ontologie et hygi\u00e8ne<\/a><\/li>\n<\/ul>\t\t\t<\/nav>\n\t\t\t\t\t\t<\/div>\n\t\t\t\t<\/div>\n\t\t\t\t<div class=\"elementor-element elementor-element-2cb30f0 elementor-hidden-mobile elementor-widget elementor-widget-button\" data-id=\"2cb30f0\" data-element_type=\"widget\" data-e-type=\"widget\" data-widget_type=\"button.default\">\n\t\t\t\t<div class=\"elementor-widget-container\">\n\t\t\t\t\t\t\t\t\t<div class=\"elementor-button-wrapper\">\n\t\t\t\t\t<a class=\"elementor-button elementor-button-link elementor-size-sm\" href=\"http:\/\/Shenpo.fr\/#contact\">\n\t\t\t\t\t\t<span class=\"elementor-button-content-wrapper\">\n\t\t\t\t\t\t<span class=\"elementor-button-icon\">\n\t\t\t\t<i aria-hidden=\"true\" class=\"far fa-envelope-open\"><\/i>\t\t\t<\/span>\n\t\t\t\t\t\t\t\t\t<span class=\"elementor-button-text\">Contactez-moi<\/span>\n\t\t\t\t\t<\/span>\n\t\t\t\t\t<\/a>\n\t\t\t\t<\/div>\n\t\t\t\t\t\t\t\t<\/div>\n\t\t\t\t<\/div>\n\t\t\t\t\t<\/div>\n\t\t\t\t<\/div>\n\t\t<div class=\"elementor-element elementor-element-afac6d8 e-flex e-con-boxed e-con e-child\" data-id=\"afac6d8\" data-element_type=\"container\" data-e-type=\"container\">\n\t\t\t\t\t<div class=\"e-con-inner\">\n\t\t<div class=\"elementor-element elementor-element-be0bb94 e-con-full e-flex elementor-invisible e-con e-child\" data-id=\"be0bb94\" data-element_type=\"container\" data-e-type=\"container\" data-settings=\"{&quot;animation&quot;:&quot;fadeInLeft&quot;,&quot;animation_delay&quot;:800}\">\n\t\t\t\t<div class=\"elementor-element elementor-element-a70a796 elementor-widget elementor-widget-heading\" data-id=\"a70a796\" data-element_type=\"widget\" data-e-type=\"widget\" data-widget_type=\"heading.default\">\n\t\t\t\t<div class=\"elementor-widget-container\">\n\t\t\t\t\t<h1 class=\"elementor-heading-title elementor-size-default\">Soins Bambous<\/h1>\t\t\t\t<\/div>\n\t\t\t\t<\/div>\n\t\t\t\t<\/div>\n\t\t\t\t\t<\/div>\n\t\t\t\t<\/div>\n\t\t\t\t\t<\/div>\n\t\t\t\t<\/div>\n\t\t<div class=\"elementor-element elementor-element-d2b91f9 e-flex e-con-boxed e-con e-parent\" data-id=\"d2b91f9\" data-element_type=\"container\" data-e-type=\"container\">\n\t\t\t\t\t<div class=\"e-con-inner\">\n\t\t<div class=\"elementor-element elementor-element-f6f3f7e e-flex e-con-boxed elementor-invisible e-con e-child\" data-id=\"f6f3f7e\" data-element_type=\"container\" data-e-type=\"container\" data-settings=\"{&quot;animation&quot;:&quot;fadeIn&quot;,&quot;animation_delay&quot;:200}\">\n\t\t\t\t\t<div class=\"e-con-inner\">\n\t\t\t\t<div class=\"elementor-element elementor-element-1e18b5c elementor-widget-tablet__width-inherit elementor-widget-mobile__width-inherit elementor-widget__width-inherit elementor-widget elementor-widget-image\" data-id=\"1e18b5c\" data-element_type=\"widget\" data-e-type=\"widget\" data-widget_type=\"image.default\">\n\t\t\t\t<div class=\"elementor-widget-container\">\n\t\t\t\t\t\t\t\t\t\t\t\t\t\t\t<img decoding=\"async\" width=\"768\" height=\"1024\" src=\"https:\/\/shenpo.fr\/wp-content\/uploads\/2023\/11\/PHOTO-BAMBOUS-768x1024.jpg\" class=\"attachment-large size-large wp-image-1623\" alt=\"\" srcset=\"https:\/\/shenpo.fr\/wp-content\/uploads\/2023\/11\/PHOTO-BAMBOUS-768x1024.jpg 768w, https:\/\/shenpo.fr\/wp-content\/uploads\/2023\/11\/PHOTO-BAMBOUS-225x300.jpg 225w, https:\/\/shenpo.fr\/wp-content\/uploads\/2023\/11\/PHOTO-BAMBOUS-1152x1536.jpg 1152w, https:\/\/shenpo.fr\/wp-content\/uploads\/2023\/11\/PHOTO-BAMBOUS-1536x2048.jpg 1536w, https:\/\/shenpo.fr\/wp-content\/uploads\/2023\/11\/PHOTO-BAMBOUS-scaled.jpg 1920w\" sizes=\"(max-width: 768px) 100vw, 768px\" \/>\t\t\t\t\t\t\t\t\t\t\t\t\t\t\t<\/div>\n\t\t\t\t<\/div>\n\t\t\t\t\t<\/div>\n\t\t\t\t<\/div>\n\t\t<div class=\"elementor-element elementor-element-b07f417 e-flex e-con-boxed elementor-invisible e-con e-child\" data-id=\"b07f417\" data-element_type=\"container\" data-e-type=\"container\" data-settings=\"{&quot;animation&quot;:&quot;fadeIn&quot;,&quot;animation_delay&quot;:600}\">\n\t\t\t\t\t<div class=\"e-con-inner\">\n\t\t\t\t<div class=\"elementor-element elementor-element-43a73a4 elementor-widget elementor-widget-heading\" data-id=\"43a73a4\" data-element_type=\"widget\" data-e-type=\"widget\" data-widget_type=\"heading.default\">\n\t\t\t\t<div class=\"elementor-widget-container\">\n\t\t\t\t\t<h2 class=\"elementor-heading-title elementor-size-default\">D\u00e9couvrez les bienfaits des soins bambous<\/h2>\t\t\t\t<\/div>\n\t\t\t\t<\/div>\n\t\t\t\t<div class=\"elementor-element elementor-element-fd6e334 elementor-widget elementor-widget-text-editor\" data-id=\"fd6e334\" data-element_type=\"widget\" data-e-type=\"widget\" data-widget_type=\"text-editor.default\">\n\t\t\t\t<div class=\"elementor-widget-container\">\n\t\t\t\t\t\t\t\t\t<ul><li>pour les Sportifs : Elimine les toxines et permet une meilleure r\u00e9cup\u00e9ration musculaire.<\/li><li>tonifie et relaxe le corps pour lui conf\u00e9rer une sensation de l\u00e9g\u00e8ret\u00e9.<\/li><li>permet de rendre la circulation sanguine plus fluide.<\/li><li>d\u00e9noue les tensions et donc la diminution du stress et de la fatigue<\/li><\/ul>\t\t\t\t\t\t\t\t<\/div>\n\t\t\t\t<\/div>\n\t\t\t\t<div class=\"elementor-element elementor-element-fcb6a1b elementor-widget elementor-widget-global elementor-global-116 elementor-widget-button\" data-id=\"fcb6a1b\" data-element_type=\"widget\" data-e-type=\"widget\" data-widget_type=\"button.default\">\n\t\t\t\t<div class=\"elementor-widget-container\">\n\t\t\t\t\t\t\t\t\t<div class=\"elementor-button-wrapper\">\n\t\t\t\t\t<a class=\"elementor-button elementor-button-link elementor-size-sm\" href=\"https:\/\/shenpo.fr#contact\">\n\t\t\t\t\t\t<span class=\"elementor-button-content-wrapper\">\n\t\t\t\t\t\t<span class=\"elementor-button-icon\">\n\t\t\t\t<i aria-hidden=\"true\" class=\"fas fa-envelope\"><\/i>\t\t\t<\/span>\n\t\t\t\t\t\t\t\t\t<span class=\"elementor-button-text\">Nous contacter<\/span>\n\t\t\t\t\t<\/span>\n\t\t\t\t\t<\/a>\n\t\t\t\t<\/div>\n\t\t\t\t\t\t\t\t<\/div>\n\t\t\t\t<\/div>\n\t\t\t\t\t<\/div>\n\t\t\t\t<\/div>\n\t\t\t\t\t<\/div>\n\t\t\t\t<\/div>\n\t\t<div class=\"elementor-element elementor-element-b1b3199 e-flex e-con-boxed e-con e-parent\" data-id=\"b1b3199\" data-element_type=\"container\" data-e-type=\"container\">\n\t\t\t\t\t<div class=\"e-con-inner\">\n\t\t<div class=\"elementor-element elementor-element-140c6fb e-flex e-con-boxed elementor-invisible e-con e-child\" data-id=\"140c6fb\" data-element_type=\"container\" data-e-type=\"container\" data-settings=\"{&quot;animation&quot;:&quot;fadeIn&quot;,&quot;animation_delay&quot;:600}\">\n\t\t\t\t\t<div class=\"e-con-inner\">\n\t\t\t\t<div class=\"elementor-element elementor-element-81afaa4 elementor-widget elementor-widget-heading\" data-id=\"81afaa4\" data-element_type=\"widget\" data-e-type=\"widget\" data-widget_type=\"heading.default\">\n\t\t\t\t<div class=\"elementor-widget-container\">\n\t\t\t\t\t<h2 class=\"elementor-heading-title elementor-size-default\">Mes tarifs pour cette prestation<\/h2>\t\t\t\t<\/div>\n\t\t\t\t<\/div>\n\t\t\t\t<div class=\"elementor-element elementor-element-a641e66 elementor-widget elementor-widget-price-list\" data-id=\"a641e66\" data-element_type=\"widget\" data-e-type=\"widget\" data-widget_type=\"price-list.default\">\n\t\t\t\t<div class=\"elementor-widget-container\">\n\t\t\t\t\t\n\t\t<ul class=\"elementor-price-list\">\n\n\t\t\t\t\t\t\t\t\t<li class=\"elementor-price-list-item\">\t\t\t\t\n\t\t\t\t<div class=\"elementor-price-list-text\">\n\t\t\t\t\t\t\t\t\t<div class=\"elementor-price-list-header\">\n\t\t\t\t\t\t\t\t\t\t\t<span class=\"elementor-price-list-title\">\n\t\t\t\t\t\t\tMassage au Bambou\t\t\t\t\t\t<\/span>\n\t\t\t\t\t\t\t\t\t\t\t\t\t\t\t\t\t\t<span class=\"elementor-price-list-separator\"><\/span>\n\t\t\t\t\t\t\t\t\t\t\t\t\t\t\t\t\t\t\t<span class=\"elementor-price-list-price\">70\u20ac<\/span>\n\t\t\t\t\t\t\t\t\t\t<\/div>\n\t\t\t\t\t\t\t\t\t\t\t\t<\/div>\n\t\t\t\t<\/li>\t\t\t\t\t\n\t\t<\/ul>\n\n\t\t\t\t\t\t<\/div>\n\t\t\t\t<\/div>\n\t\t\t\t\t<\/div>\n\t\t\t\t<\/div>\n\t\t\t\t\t<\/div>\n\t\t\t\t<\/div>\n\t\t<div class=\"elementor-element elementor-element-436ed31 e-flex e-con-boxed e-con e-parent\" data-id=\"436ed31\" data-element_type=\"container\" data-e-type=\"container\">\n\t\t\t\t\t<div class=\"e-con-inner\">\n\t\t<div class=\"elementor-element elementor-element-4a7bfe6 e-flex e-con-boxed elementor-invisible e-con e-child\" data-id=\"4a7bfe6\" data-element_type=\"container\" data-e-type=\"container\" data-settings=\"{&quot;animation&quot;:&quot;fadeIn&quot;,&quot;animation_delay&quot;:200}\">\n\t\t\t\t\t<div class=\"e-con-inner\">\n\t\t\t\t<div class=\"elementor-element elementor-element-363f7a7 elementor-widget elementor-widget-heading\" data-id=\"363f7a7\" data-element_type=\"widget\" data-e-type=\"widget\" data-widget_type=\"heading.default\">\n\t\t\t\t<div class=\"elementor-widget-container\">\n\t\t\t\t\t<h2 class=\"elementor-heading-title elementor-size-default\">Nous contacter<\/h2>\t\t\t\t<\/div>\n\t\t\t\t<\/div>\n\t\t\t\t\t<\/div>\n\t\t\t\t<\/div>\n\t\t<div class=\"elementor-element elementor-element-37dd809 e-flex e-con-boxed elementor-invisible e-con e-child\" data-id=\"37dd809\" data-element_type=\"container\" data-e-type=\"container\" data-settings=\"{&quot;animation&quot;:&quot;fadeIn&quot;,&quot;animation_delay&quot;:400}\">\n\t\t\t\t\t<div class=\"e-con-inner\">\n\t\t<div class=\"elementor-element elementor-element-2578a64 e-flex e-con-boxed e-con e-child\" data-id=\"2578a64\" data-element_type=\"container\" data-e-type=\"container\">\n\t\t\t\t\t<div class=\"e-con-inner\">\n\t\t\t\t<div class=\"elementor-element elementor-element-746abcc elementor-button-align-center elementor-widget__width-inherit elementor-widget elementor-widget-form\" data-id=\"746abcc\" data-element_type=\"widget\" data-e-type=\"widget\" data-settings=\"{&quot;step_next_label&quot;:&quot;Suivant&quot;,&quot;step_previous_label&quot;:&quot;Pr\\u00e9c\\u00e9dent&quot;,&quot;button_width&quot;:&quot;100&quot;,&quot;step_type&quot;:&quot;number_text&quot;,&quot;step_icon_shape&quot;:&quot;circle&quot;}\" data-widget_type=\"form.default\">\n\t\t\t\t<div class=\"elementor-widget-container\">\n\t\t\t\t\t\t\t<form class=\"elementor-form\" method=\"post\" name=\"Nouveau formulaire\" aria-label=\"Nouveau formulaire\" novalidate=\"\">\n\t\t\t<input type=\"hidden\" name=\"post_id\" value=\"1307\"\/>\n\t\t\t<input type=\"hidden\" name=\"form_id\" value=\"746abcc\"\/>\n\t\t\t<input type=\"hidden\" name=\"referer_title\" value=\"\" \/>\n\n\t\t\t\n\t\t\t<div class=\"elementor-form-fields-wrapper elementor-labels-above\">\n\t\t\t\t\t\t\t\t<div class=\"elementor-field-type-text elementor-field-group elementor-column elementor-field-group-name elementor-col-100\">\n\t\t\t\t\t\t\t\t\t\t\t\t\t<input size=\"1\" type=\"text\" name=\"form_fields[name]\" id=\"form-field-name\" class=\"elementor-field elementor-size-lg  elementor-field-textual\" placeholder=\"Nom\">\n\t\t\t\t\t\t\t\t\t\t\t<\/div>\n\t\t\t\t\t\t\t\t<div class=\"elementor-field-type-email elementor-field-group elementor-column elementor-field-group-email elementor-col-100 elementor-field-required\">\n\t\t\t\t\t\t\t\t\t\t\t\t\t<input size=\"1\" type=\"email\" name=\"form_fields[email]\" id=\"form-field-email\" class=\"elementor-field elementor-size-lg  elementor-field-textual\" placeholder=\"E-mail\" required=\"required\">\n\t\t\t\t\t\t\t\t\t\t\t<\/div>\n\t\t\t\t\t\t\t\t<div class=\"elementor-field-type-textarea elementor-field-group elementor-column elementor-field-group-message elementor-col-100\">\n\t\t\t\t\t<textarea class=\"elementor-field-textual elementor-field  elementor-size-lg\" name=\"form_fields[message]\" id=\"form-field-message\" rows=\"4\" placeholder=\"Message\"><\/textarea>\t\t\t\t<\/div>\n\t\t\t\t\t\t\t\t<div class=\"elementor-field-group elementor-column elementor-field-type-submit elementor-col-100 e-form__buttons\">\n\t\t\t\t\t<button class=\"elementor-button elementor-size-sm\" type=\"submit\">\n\t\t\t\t\t\t<span class=\"elementor-button-content-wrapper\">\n\t\t\t\t\t\t\t\t\t\t\t\t\t\t\t\t\t\t\t\t\t\t<span class=\"elementor-button-text\">Envoyer<\/span>\n\t\t\t\t\t\t\t\t\t\t\t\t\t<\/span>\n\t\t\t\t\t<\/button>\n\t\t\t\t<\/div>\n\t\t\t<\/div>\n\t\t<\/form>\n\t\t\t\t\t\t<\/div>\n\t\t\t\t<\/div>\n\t\t\t\t\t<\/div>\n\t\t\t\t<\/div>\n\t\t\t\t\t<\/div>\n\t\t\t\t<\/div>\n\t\t\t\t\t<\/div>\n\t\t\t\t<\/div>\n\t\t\t\t<\/div>\n\t\t","protected":false},"excerpt":{"rendered":"<p>Contactez-moi Soins Bambous D\u00e9couvrez les bienfaits des soins bambous pour les Sportifs : Elimine les toxines et permet une meilleure r\u00e9cup\u00e9ration musculaire. tonifie et relaxe le corps pour lui conf\u00e9rer une sensation de l\u00e9g\u00e8ret\u00e9. permet de rendre la circulation sanguine plus fluide. d\u00e9noue les tensions et donc la diminution du stress et de la fatigue [&hellip;]<\/p>\n","protected":false},"author":1,"featured_media":0,"parent":0,"menu_order":0,"comment_status":"closed","ping_status":"closed","template":"elementor_header_footer","meta":{"footnotes":""},"class_list":["post-1307","page","type-page","status-publish","hentry"],"_links":{"self":[{"href":"https:\/\/shenpo.fr\/index.php?rest_route=\/wp\/v2\/pages\/1307","targetHints":{"allow":["GET"]}}],"collection":[{"href":"https:\/\/shenpo.fr\/index.php?rest_route=\/wp\/v2\/pages"}],"about":[{"href":"https:\/\/shenpo.fr\/index.php?rest_route=\/wp\/v2\/types\/page"}],"author":[{"embeddable":true,"href":"https:\/\/shenpo.fr\/index.php?rest_route=\/wp\/v2\/users\/1"}],"replies":[{"embeddable":true,"href":"https:\/\/shenpo.fr\/index.php?rest_route=%2Fwp%2Fv2%2Fcomments&post=1307"}],"version-history":[{"count":5,"href":"https:\/\/shenpo.fr\/index.php?rest_route=\/wp\/v2\/pages\/1307\/revisions"}],"predecessor-version":[{"id":2268,"href":"https:\/\/shenpo.fr\/index.php?rest_route=\/wp\/v2\/pages\/1307\/revisions\/2268"}],"wp:attachment":[{"href":"https:\/\/shenpo.fr\/index.php?rest_route=%2Fwp%2Fv2%2Fmedia&parent=1307"}],"curies":[{"name":"wp","href":"https:\/\/api.w.org\/{rel}","templated":true}]}}